{"id":2908,"date":"2014-10-23T08:32:31","date_gmt":"2014-10-23T08:32:31","guid":{"rendered":"https:\/\/www.kiwiconstruction.fr\/fr\/our-services"},"modified":"2016-06-15T07:44:43","modified_gmt":"2016-06-15T07:44:43","slug":"nos-services","status":"publish","type":"page","link":"https:\/\/www.kiwiconstruction.fr\/fr\/nos-services","title":{"rendered":"Nos Services"},"content":{"rendered":"<div id=\"pl-2908\"  class=\"panel-layout\" ><div id=\"pg-2908-0\"  class=\"panel-grid panel-no-style\" ><div id=\"pgc-2908-0-0\"  class=\"panel-grid-cell\" ><div id=\"panel-2908-0-0-0\" class=\"so-panel widget widget_pt_featured_page widget-featured-page panel-first-child\" data-index=\"0\" >\t\t\t\t<div class=\"page-box page-box--block post-2908 page type-page status-publish hentry\">\n\t\t\t\t\t\t\t\t\t\t\t\t\t\t\t<a class=\"page-box__picture\" href=\"https:\/\/www.kiwiconstruction.fr\/fr\/nos-services\/electricite\"><img fetchpriority=\"high\" decoding=\"async\" src=\"https:\/\/www.kiwiconstruction.fr\/wp-content\/uploads\/2014\/10\/13308296_554976744705354_8303259280136385146_o-360x240.jpg\" width=\"303\" height=\"202\" srcset=\"https:\/\/www.kiwiconstruction.fr\/wp-content\/uploads\/2014\/10\/13308296_554976744705354_8303259280136385146_o-360x240.jpg 303w, https:\/\/www.kiwiconstruction.fr\/wp-content\/uploads\/2014\/10\/13308296_554976744705354_8303259280136385146_o.jpg 1688w\" sizes=\"(min-width: 992px) 360px, calc(100vw - 30px)\" class=\"wp-post-image\" alt=\"\u00c9lectricit\u00e9\"><\/a>\n\t\t\t\t\t\t\t\t\t\t\t\t\t\t<div class=\"page-box__content\">\n\t\t\t\t\t\t<h5 class=\"page-box__title  text-uppercase\"><a href=\"https:\/\/www.kiwiconstruction.fr\/fr\/nos-services\/electricite\">\u00c9lectricit\u00e9<\/a><\/h5>\n\t\t\t\t\t\t<p>Notre division Electricit\u00e9 peut s\u2019occuper du c\u00e2blage ou re-c\u00e2blage de votre projet selon les normes fran\u00e7aises. <\/p>\n\t\t\t\t\t\t\t\t\t\t\t\t\t<p><a href=\"https:\/\/www.kiwiconstruction.fr\/fr\/nos-services\/electricite\" class=\"read-more  read-more--page-box\">Lire la suite<\/a><\/p>\n\t\t\t\t\t\t\t\t\t\t\t<\/div>\n\t\t\t\t<\/div>\n\n\t\t\t<\/div><div id=\"panel-2908-0-0-1\" class=\"so-panel widget widget_pt_featured_page widget-featured-page\" data-index=\"1\" >\t\t\t\t<div class=\"page-box page-box--block post-2908 page type-page status-publish hentry\">\n\t\t\t\t\t\t\t\t\t\t\t\t\t\t\t<a class=\"page-box__picture\" href=\"https:\/\/www.kiwiconstruction.fr\/fr\/nos-services\/piscines\"><img decoding=\"async\" src=\"https:\/\/www.kiwiconstruction.fr\/wp-content\/uploads\/2014\/10\/DSC01385-360x240.jpg\" width=\"303\" height=\"202\" srcset=\"https:\/\/www.kiwiconstruction.fr\/wp-content\/uploads\/2014\/10\/DSC01385-360x240.jpg 303w, https:\/\/www.kiwiconstruction.fr\/wp-content\/uploads\/2014\/10\/DSC01385.jpg 1920w\" sizes=\"(min-width: 992px) 360px, calc(100vw - 30px)\" class=\"wp-post-image\" alt=\"Piscines\"><\/a>\n\t\t\t\t\t\t\t\t\t\t\t\t\t\t<div class=\"page-box__content\">\n\t\t\t\t\t\t<h5 class=\"page-box__title  text-uppercase\"><a href=\"https:\/\/www.kiwiconstruction.fr\/fr\/nos-services\/piscines\">Piscines<\/a><\/h5>\n\t\t\t\t\t\t<p>Une belle piscine ajoutera imm\u00e9diatement de la valeur \u00e0 votre maison et attirera les vacanciers si vous la louez. <\/p>\n\t\t\t\t\t\t\t\t\t\t\t\t\t<p><a href=\"https:\/\/www.kiwiconstruction.fr\/fr\/nos-services\/piscines\" class=\"read-more  read-more--page-box\">Lire la suite<\/a><\/p>\n\t\t\t\t\t\t\t\t\t\t\t<\/div>\n\t\t\t\t<\/div>\n\n\t\t\t<\/div><div id=\"panel-2908-0-0-2\" class=\"so-panel widget widget_pt_featured_page widget-featured-page\" data-index=\"2\" >\t\t\t\t<div class=\"page-box page-box--block post-2908 page type-page status-publish hentry\">\n\t\t\t\t\t\t\t\t\t\t\t\t\t\t\t<a class=\"page-box__picture\" href=\"https:\/\/www.kiwiconstruction.fr\/fr\/nos-services\/carrelage\"><img decoding=\"async\" src=\"https:\/\/www.kiwiconstruction.fr\/wp-content\/uploads\/2016\/06\/DSC00817-360x240.jpg\" width=\"303\" height=\"202\" srcset=\"https:\/\/www.kiwiconstruction.fr\/wp-content\/uploads\/2016\/06\/DSC00817-360x240.jpg 303w, https:\/\/www.kiwiconstruction.fr\/wp-content\/uploads\/2016\/06\/DSC00817.jpg 1920w\" sizes=\"(min-width: 992px) 360px, calc(100vw - 30px)\" class=\"wp-post-image\" alt=\"Carrelage\"><\/a>\n\t\t\t\t\t\t\t\t\t\t\t\t\t\t<div class=\"page-box__content\">\n\t\t\t\t\t\t<h5 class=\"page-box__title  text-uppercase\"><a href=\"https:\/\/www.kiwiconstruction.fr\/fr\/nos-services\/carrelage\">Carrelage<\/a><\/h5>\n\t\t\t\t\t\t<p>Tous les aspects du carrelage, y compris les cr\u00e9dences de cuisine, le carrelage mural, les sols, les couloirs, les escaliers et rev\u00eatement de pisc <\/p>\n\t\t\t\t\t\t\t\t\t\t\t\t\t<p><a href=\"https:\/\/www.kiwiconstruction.fr\/fr\/nos-services\/carrelage\" class=\"read-more  read-more--page-box\">Lire la suite<\/a><\/p>\n\t\t\t\t\t\t\t\t\t\t\t<\/div>\n\t\t\t\t<\/div>\n\n\t\t\t<\/div><div id=\"panel-2908-0-0-3\" class=\"so-panel widget widget_pt_featured_page widget-featured-page panel-last-child\" data-index=\"3\" >\t\t\t\t<div class=\"page-box page-box--block post-2908 page type-page status-publish hentry\">\n\t\t\t\t\t\t\t\t\t\t\t\t\t\t\t<a class=\"page-box__picture\" href=\"https:\/\/www.kiwiconstruction.fr\/fr\/nos-services\/renovations\"><img loading=\"lazy\" decoding=\"async\" src=\"https:\/\/www.kiwiconstruction.fr\/wp-content\/uploads\/2016\/06\/DSC01928-360x240.jpg\" width=\"303\" height=\"202\" srcset=\"https:\/\/www.kiwiconstruction.fr\/wp-content\/uploads\/2016\/06\/DSC01928-360x240.jpg 303w, https:\/\/www.kiwiconstruction.fr\/wp-content\/uploads\/2016\/06\/DSC01928.jpg 1080w\" sizes=\"(min-width: 992px) 360px, calc(100vw - 30px)\" class=\"wp-post-image\" alt=\"R\u00e9novations\"><\/a>\n\t\t\t\t\t\t\t\t\t\t\t\t\t\t<div class=\"page-box__content\">\n\t\t\t\t\t\t<h5 class=\"page-box__title  text-uppercase\"><a href=\"https:\/\/www.kiwiconstruction.fr\/fr\/nos-services\/renovations\">R\u00e9novations<\/a><\/h5>\n\t\t\t\t\t\t<p>R\u00e9nover votre maison est un projet passionnant, mais souvent stressant. <\/p>\n\t\t\t\t\t\t\t\t\t\t\t\t\t<p><a href=\"https:\/\/www.kiwiconstruction.fr\/fr\/nos-services\/renovations\" class=\"read-more  read-more--page-box\">Lire la suite<\/a><\/p>\n\t\t\t\t\t\t\t\t\t\t\t<\/div>\n\t\t\t\t<\/div>\n\n\t\t\t<\/div><\/div><div id=\"pgc-2908-0-1\"  class=\"panel-grid-cell\" ><div id=\"panel-2908-0-1-0\" class=\"so-panel widget widget_pt_featured_page widget-featured-page panel-first-child\" data-index=\"4\" >\t\t\t\t<div class=\"page-box page-box--block post-2908 page type-page status-publish hentry\">\n\t\t\t\t\t\t\t\t\t\t\t\t\t\t\t<a class=\"page-box__picture\" href=\"https:\/\/www.kiwiconstruction.fr\/fr\/nos-services\/charpenterie\"><img loading=\"lazy\" decoding=\"async\" src=\"https:\/\/www.kiwiconstruction.fr\/wp-content\/uploads\/2014\/10\/DSC03800-2-360x240.jpg\" width=\"303\" height=\"202\" srcset=\"https:\/\/www.kiwiconstruction.fr\/wp-content\/uploads\/2014\/10\/DSC03800-2-360x240.jpg 303w, https:\/\/www.kiwiconstruction.fr\/wp-content\/uploads\/2014\/10\/DSC03800-2.jpg 765w\" sizes=\"(min-width: 992px) 360px, calc(100vw - 30px)\" class=\"wp-post-image\" alt=\"Charpenterie\"><\/a>\n\t\t\t\t\t\t\t\t\t\t\t\t\t\t<div class=\"page-box__content\">\n\t\t\t\t\t\t<h5 class=\"page-box__title  text-uppercase\"><a href=\"https:\/\/www.kiwiconstruction.fr\/fr\/nos-services\/charpenterie\">Charpenterie<\/a><\/h5>\n\t\t\t\t\t\t<p>Avoir une \u00e9quipe interne de charpentiers nous permet d&#039;offrir \u00e0 nos clients une gamme \u00e9tendue de services, ainsi qu\u2019une \u00e9conomie de temps et de co\u00fbts. <\/p>\n\t\t\t\t\t\t\t\t\t\t\t\t\t<p><a href=\"https:\/\/www.kiwiconstruction.fr\/fr\/nos-services\/charpenterie\" class=\"read-more  read-more--page-box\">Lire la suite<\/a><\/p>\n\t\t\t\t\t\t\t\t\t\t\t<\/div>\n\t\t\t\t<\/div>\n\n\t\t\t<\/div><div id=\"panel-2908-0-1-1\" class=\"so-panel widget widget_pt_featured_page widget-featured-page\" data-index=\"5\" >\t\t\t\t<div class=\"page-box page-box--block post-2908 page type-page status-publish hentry\">\n\t\t\t\t\t\t\t\t\t\t\t\t\t\t\t<a class=\"page-box__picture\" href=\"https:\/\/www.kiwiconstruction.fr\/fr\/nos-services\/gestion-de-projet\"><img loading=\"lazy\" decoding=\"async\" src=\"https:\/\/www.kiwiconstruction.fr\/wp-content\/uploads\/2016\/06\/DSC01933-360x240.jpg\" width=\"303\" height=\"202\" srcset=\"https:\/\/www.kiwiconstruction.fr\/wp-content\/uploads\/2016\/06\/DSC01933-360x240.jpg 303w, https:\/\/www.kiwiconstruction.fr\/wp-content\/uploads\/2016\/06\/DSC01933.jpg 1080w\" sizes=\"(min-width: 992px) 360px, calc(100vw - 30px)\" class=\"wp-post-image\" alt=\"Gestion de Projet\"><\/a>\n\t\t\t\t\t\t\t\t\t\t\t\t\t\t<div class=\"page-box__content\">\n\t\t\t\t\t\t<h5 class=\"page-box__title  text-uppercase\"><a href=\"https:\/\/www.kiwiconstruction.fr\/fr\/nos-services\/gestion-de-projet\">Gestion de Projet<\/a><\/h5>\n\t\t\t\t\t\t<p>Nous avons d\u00e9j\u00e0 les artisans pr\u00eats \u00e0 commencer votre projet. Notre service vise \u00e0 r\u00e9aliser vos projets au bon moment et au bon prix. <\/p>\n\t\t\t\t\t\t\t\t\t\t\t\t\t<p><a href=\"https:\/\/www.kiwiconstruction.fr\/fr\/nos-services\/gestion-de-projet\" class=\"read-more  read-more--page-box\">Lire la suite<\/a><\/p>\n\t\t\t\t\t\t\t\t\t\t\t<\/div>\n\t\t\t\t<\/div>\n\n\t\t\t<\/div><div id=\"panel-2908-0-1-2\" class=\"so-panel widget widget_pt_featured_page widget-featured-page panel-last-child\" data-index=\"6\" >\t\t\t\t<div class=\"page-box page-box--block post-2908 page type-page status-publish hentry\">\n\t\t\t\t\t\t\t\t\t\t\t\t\t\t\t<a class=\"page-box__picture\" href=\"https:\/\/www.kiwiconstruction.fr\/fr\/nos-services\/maconnerie\"><img loading=\"lazy\" decoding=\"async\" src=\"https:\/\/www.kiwiconstruction.fr\/wp-content\/uploads\/2014\/10\/DSC00319-1024x576-1-360x240.jpg\" width=\"303\" height=\"202\" srcset=\"https:\/\/www.kiwiconstruction.fr\/wp-content\/uploads\/2014\/10\/DSC00319-1024x576-1-360x240.jpg 303w, https:\/\/www.kiwiconstruction.fr\/wp-content\/uploads\/2014\/10\/DSC00319-1024x576-1.jpg 1024w\" sizes=\"(min-width: 992px) 360px, calc(100vw - 30px)\" class=\"wp-post-image\" alt=\"Ma\u00e7onnerie\"><\/a>\n\t\t\t\t\t\t\t\t\t\t\t\t\t\t<div class=\"page-box__content\">\n\t\t\t\t\t\t<h5 class=\"page-box__title  text-uppercase\"><a href=\"https:\/\/www.kiwiconstruction.fr\/fr\/nos-services\/maconnerie\">Ma\u00e7onnerie<\/a><\/h5>\n\t\t\t\t\t\t<p>Notre \u00e9quipe de ma\u00e7ons qualifi\u00e9s peut construire des structures \u00e0 partir de briques, de pierres de construction (y compris marbre, granit et travertin), de pierres calcaires, de pierres reconstitu\u00e9es, de blocs de b\u00e9ton, de blocs de verre &hellip;<\/p>\n\t\t\t\t\t\t\t\t\t\t\t\t\t<p><a href=\"https:\/\/www.kiwiconstruction.fr\/fr\/nos-services\/maconnerie\" class=\"read-more  read-more--page-box\">Lire la suite<\/a><\/p>\n\t\t\t\t\t\t\t\t\t\t\t<\/div>\n\t\t\t\t<\/div>\n\n\t\t\t<\/div><\/div><div id=\"pgc-2908-0-2\"  class=\"panel-grid-cell\" ><div id=\"panel-2908-0-2-0\" class=\"so-panel widget widget_pt_featured_page widget-featured-page panel-first-child\" data-index=\"7\" >\t\t\t\t<div class=\"page-box page-box--block post-2908 page type-page status-publish hentry\">\n\t\t\t\t\t\t\t\t\t\t\t\t\t\t\t<a class=\"page-box__picture\" href=\"https:\/\/www.kiwiconstruction.fr\/fr\/nos-services\/cuisines\"><img loading=\"lazy\" decoding=\"async\" src=\"https:\/\/www.kiwiconstruction.fr\/wp-content\/uploads\/2016\/06\/DSC03704-1-1024x768-360x240.jpg\" width=\"303\" height=\"202\" srcset=\"https:\/\/www.kiwiconstruction.fr\/wp-content\/uploads\/2016\/06\/DSC03704-1-1024x768-360x240.jpg 303w, https:\/\/www.kiwiconstruction.fr\/wp-content\/uploads\/2016\/06\/DSC03704-1-1024x768.jpg 1024w\" sizes=\"(min-width: 992px) 360px, calc(100vw - 30px)\" class=\"wp-post-image\" alt=\"Cuisines\"><\/a>\n\t\t\t\t\t\t\t\t\t\t\t\t\t\t<div class=\"page-box__content\">\n\t\t\t\t\t\t<h5 class=\"page-box__title  text-uppercase\"><a href=\"https:\/\/www.kiwiconstruction.fr\/fr\/nos-services\/cuisines\">Cuisines<\/a><\/h5>\n\t\t\t\t\t\t<p>Nous pouvons r\u00e9aliser des projets de remodelage complexes de cuisine qui correspondent \u00e0 votre style. <\/p>\n\t\t\t\t\t\t\t\t\t\t\t\t\t<p><a href=\"https:\/\/www.kiwiconstruction.fr\/fr\/nos-services\/cuisines\" class=\"read-more  read-more--page-box\">Lire la suite<\/a><\/p>\n\t\t\t\t\t\t\t\t\t\t\t<\/div>\n\t\t\t\t<\/div>\n\n\t\t\t<\/div><div id=\"panel-2908-0-2-1\" class=\"so-panel widget widget_pt_featured_page widget-featured-page\" data-index=\"8\" >\t\t\t\t<div class=\"page-box page-box--block post-2908 page type-page status-publish hentry\">\n\t\t\t\t\t\t\t\t\t\t\t\t\t\t\t<a class=\"page-box__picture\" href=\"https:\/\/www.kiwiconstruction.fr\/fr\/nos-services\/permis-de-construire\"><img loading=\"lazy\" decoding=\"async\" src=\"https:\/\/www.kiwiconstruction.fr\/wp-content\/uploads\/2014\/10\/PLanning-1024x689-360x240.jpg\" width=\"303\" height=\"202\" srcset=\"https:\/\/www.kiwiconstruction.fr\/wp-content\/uploads\/2014\/10\/PLanning-1024x689-360x240.jpg 303w, https:\/\/www.kiwiconstruction.fr\/wp-content\/uploads\/2014\/10\/PLanning-1024x689.jpg 1024w\" sizes=\"(min-width: 992px) 360px, calc(100vw - 30px)\" class=\"wp-post-image\" alt=\"Permis de construire\"><\/a>\n\t\t\t\t\t\t\t\t\t\t\t\t\t\t<div class=\"page-box__content\">\n\t\t\t\t\t\t<h5 class=\"page-box__title  text-uppercase\"><a href=\"https:\/\/www.kiwiconstruction.fr\/fr\/nos-services\/permis-de-construire\">Permis de construire<\/a><\/h5>\n\t\t\t\t\t\t<p>Avant de commencer les travaux, vous aurez besoin d\u2019un permis de construire pour lequel il faudra adresser une demande aupr\u00e8s de votre mairie. Kiwi Construction a pr\u00e9sent\u00e9 de nombreux dossiers pour le compte de ses clients au fil des ans. &hellip;<\/p>\n\t\t\t\t\t\t\t\t\t\t\t\t\t<p><a href=\"https:\/\/www.kiwiconstruction.fr\/fr\/nos-services\/permis-de-construire\" class=\"read-more  read-more--page-box\">Lire la suite<\/a><\/p>\n\t\t\t\t\t\t\t\t\t\t\t<\/div>\n\t\t\t\t<\/div>\n\n\t\t\t<\/div><div id=\"panel-2908-0-2-2\" class=\"so-panel widget widget_pt_featured_page widget-featured-page panel-last-child\" data-index=\"9\" >\t\t\t\t<div class=\"page-box page-box--block post-2908 page type-page status-publish hentry\">\n\t\t\t\t\t\t\t\t\t\t\t\t\t\t\t<a class=\"page-box__picture\" href=\"https:\/\/www.kiwiconstruction.fr\/fr\/nos-services\/platerie-peinture\"><img loading=\"lazy\" decoding=\"async\" src=\"https:\/\/www.kiwiconstruction.fr\/wp-content\/uploads\/2014\/10\/DSC03676-1-360x240.jpg\" width=\"303\" height=\"202\" srcset=\"https:\/\/www.kiwiconstruction.fr\/wp-content\/uploads\/2014\/10\/DSC03676-1-360x240.jpg 303w, https:\/\/www.kiwiconstruction.fr\/wp-content\/uploads\/2014\/10\/DSC03676-1.jpg 1020w\" sizes=\"(min-width: 992px) 360px, calc(100vw - 30px)\" class=\"wp-post-image\" alt=\"Travaux de pl\u00e2trerie et peinture\"><\/a>\n\t\t\t\t\t\t\t\t\t\t\t\t\t\t<div class=\"page-box__content\">\n\t\t\t\t\t\t<h5 class=\"page-box__title  text-uppercase\"><a href=\"https:\/\/www.kiwiconstruction.fr\/fr\/nos-services\/platerie-peinture\">Travaux de pl\u00e2trerie et peinture<\/a><\/h5>\n\t\t\t\t\t\t<p>Tous les aspects de travaux de pl\u00e2trerie, y compris la pr\u00e9paration \u00e0 la peinture des murs et plafonds. Enduit et panneaux de rev\u00eatement sur les murs \u00e0 ossature ou charpente m\u00e9tallique. <\/p>\n\t\t\t\t\t\t\t\t\t\t\t\t\t<p><a href=\"https:\/\/www.kiwiconstruction.fr\/fr\/nos-services\/platerie-peinture\" class=\"read-more  read-more--page-box\">Lire la suite<\/a><\/p>\n\t\t\t\t\t\t\t\t\t\t\t<\/div>\n\t\t\t\t<\/div>\n\n\t\t\t<\/div><\/div><\/div><\/div>","protected":false},"excerpt":{"rendered":"<p>\u00c9lectricit\u00e9 Notre division Electricit\u00e9 peut s\u2019occuper du c\u00e2blage ou re-c\u00e2blage de votre projet selon les normes fran\u00e7aises. Lire la suite Piscines Une belle piscine ajoutera imm\u00e9diatement de la valeur \u00e0 votre maison et attirera les vacanciers si vous la louez. Lire la suite Carrelage Tous les aspects du carrelage, y compris les cr\u00e9dences de cuisine, &hellip;<\/p>\n","protected":false},"author":1,"featured_media":0,"parent":0,"menu_order":0,"comment_status":"closed","ping_status":"open","template":"","meta":{"_acf_changed":false,"ngg_post_thumbnail":0,"footnotes":""},"class_list":["post-2908","page","type-page","status-publish","hentry"],"acf":[],"yoast_head":"<!-- This site is optimized with the Yoast SEO plugin v27.4 - https:\/\/yoast.com\/product\/yoast-seo-wordpress\/ -->\n<title>Nos Services - Kiwi Construction<\/title>\n<meta name=\"robots\" content=\"index, follow, max-snippet:-1, max-image-preview:large, max-video-preview:-1\" \/>\n<link rel=\"canonical\" href=\"https:\/\/www.kiwiconstruction.fr\/fr\/nos-services\" \/>\n<meta property=\"og:locale\" content=\"fr_FR\" \/>\n<meta property=\"og:type\" content=\"article\" \/>\n<meta property=\"og:title\" content=\"Nos Services - Kiwi Construction\" \/>\n<meta property=\"og:description\" content=\"\u00c9lectricit\u00e9 Notre division Electricit\u00e9 peut s\u2019occuper du c\u00e2blage ou re-c\u00e2blage de votre projet selon les normes fran\u00e7aises. Lire la suite Piscines Une belle piscine ajoutera imm\u00e9diatement de la valeur \u00e0 votre maison et attirera les vacanciers si vous la louez. Lire la suite Carrelage Tous les aspects du carrelage, y compris les cr\u00e9dences de cuisine, &hellip;\" \/>\n<meta property=\"og:url\" content=\"https:\/\/www.kiwiconstruction.fr\/fr\/nos-services\" \/>\n<meta property=\"og:site_name\" content=\"Kiwi Construction\" \/>\n<meta property=\"article:modified_time\" content=\"2016-06-15T07:44:43+00:00\" \/>\n<meta property=\"og:image\" content=\"https:\/\/www.kiwiconstruction.fr\/wp-content\/uploads\/2014\/10\/13308296_554976744705354_8303259280136385146_o-360x240.jpg\" \/>\n<meta name=\"twitter:card\" content=\"summary_large_image\" \/>\n<meta name=\"twitter:label1\" content=\"Dur\u00e9e de lecture estim\u00e9e\" \/>\n\t<meta name=\"twitter:data1\" content=\"2 minutes\" \/>\n<script type=\"application\/ld+json\" class=\"yoast-schema-graph\">{\"@context\":\"https:\\\/\\\/schema.org\",\"@graph\":[{\"@type\":\"WebPage\",\"@id\":\"https:\\\/\\\/www.kiwiconstruction.fr\\\/fr\\\/nos-services\",\"url\":\"https:\\\/\\\/www.kiwiconstruction.fr\\\/fr\\\/nos-services\",\"name\":\"Nos Services - Kiwi Construction\",\"isPartOf\":{\"@id\":\"https:\\\/\\\/www.kiwiconstruction.fr\\\/#website\"},\"primaryImageOfPage\":{\"@id\":\"https:\\\/\\\/www.kiwiconstruction.fr\\\/fr\\\/nos-services#primaryimage\"},\"image\":{\"@id\":\"https:\\\/\\\/www.kiwiconstruction.fr\\\/fr\\\/nos-services#primaryimage\"},\"thumbnailUrl\":\"https:\\\/\\\/www.kiwiconstruction.fr\\\/wp-content\\\/uploads\\\/2014\\\/10\\\/13308296_554976744705354_8303259280136385146_o-360x240.jpg\",\"datePublished\":\"2014-10-23T08:32:31+00:00\",\"dateModified\":\"2016-06-15T07:44:43+00:00\",\"breadcrumb\":{\"@id\":\"https:\\\/\\\/www.kiwiconstruction.fr\\\/fr\\\/nos-services#breadcrumb\"},\"inLanguage\":\"fr-FR\",\"potentialAction\":[{\"@type\":\"ReadAction\",\"target\":[\"https:\\\/\\\/www.kiwiconstruction.fr\\\/fr\\\/nos-services\"]}]},{\"@type\":\"ImageObject\",\"inLanguage\":\"fr-FR\",\"@id\":\"https:\\\/\\\/www.kiwiconstruction.fr\\\/fr\\\/nos-services#primaryimage\",\"url\":\"https:\\\/\\\/www.kiwiconstruction.fr\\\/wp-content\\\/uploads\\\/2014\\\/10\\\/13308296_554976744705354_8303259280136385146_o-360x240.jpg\",\"contentUrl\":\"https:\\\/\\\/www.kiwiconstruction.fr\\\/wp-content\\\/uploads\\\/2014\\\/10\\\/13308296_554976744705354_8303259280136385146_o-360x240.jpg\"},{\"@type\":\"BreadcrumbList\",\"@id\":\"https:\\\/\\\/www.kiwiconstruction.fr\\\/fr\\\/nos-services#breadcrumb\",\"itemListElement\":[{\"@type\":\"ListItem\",\"position\":1,\"name\":\"Home\",\"item\":\"https:\\\/\\\/www.kiwiconstruction.fr\\\/fr\"},{\"@type\":\"ListItem\",\"position\":2,\"name\":\"Nos Services\"}]},{\"@type\":\"WebSite\",\"@id\":\"https:\\\/\\\/www.kiwiconstruction.fr\\\/#website\",\"url\":\"https:\\\/\\\/www.kiwiconstruction.fr\\\/\",\"name\":\"Kiwi Construction\",\"description\":\"Making the impossible, possible!\",\"potentialAction\":[{\"@type\":\"SearchAction\",\"target\":{\"@type\":\"EntryPoint\",\"urlTemplate\":\"https:\\\/\\\/www.kiwiconstruction.fr\\\/?s={search_term_string}\"},\"query-input\":{\"@type\":\"PropertyValueSpecification\",\"valueRequired\":true,\"valueName\":\"search_term_string\"}}],\"inLanguage\":\"fr-FR\"}]}<\/script>\n<!-- \/ Yoast SEO plugin. -->","yoast_head_json":{"title":"Nos Services - Kiwi Construction","robots":{"index":"index","follow":"follow","max-snippet":"max-snippet:-1","max-image-preview":"max-image-preview:large","max-video-preview":"max-video-preview:-1"},"canonical":"https:\/\/www.kiwiconstruction.fr\/fr\/nos-services","og_locale":"fr_FR","og_type":"article","og_title":"Nos Services - Kiwi Construction","og_description":"\u00c9lectricit\u00e9 Notre division Electricit\u00e9 peut s\u2019occuper du c\u00e2blage ou re-c\u00e2blage de votre projet selon les normes fran\u00e7aises. Lire la suite Piscines Une belle piscine ajoutera imm\u00e9diatement de la valeur \u00e0 votre maison et attirera les vacanciers si vous la louez. Lire la suite Carrelage Tous les aspects du carrelage, y compris les cr\u00e9dences de cuisine, &hellip;","og_url":"https:\/\/www.kiwiconstruction.fr\/fr\/nos-services","og_site_name":"Kiwi Construction","article_modified_time":"2016-06-15T07:44:43+00:00","og_image":[{"url":"https:\/\/www.kiwiconstruction.fr\/wp-content\/uploads\/2014\/10\/13308296_554976744705354_8303259280136385146_o-360x240.jpg","type":"","width":"","height":""}],"twitter_card":"summary_large_image","twitter_misc":{"Dur\u00e9e de lecture estim\u00e9e":"2 minutes"},"schema":{"@context":"https:\/\/schema.org","@graph":[{"@type":"WebPage","@id":"https:\/\/www.kiwiconstruction.fr\/fr\/nos-services","url":"https:\/\/www.kiwiconstruction.fr\/fr\/nos-services","name":"Nos Services - Kiwi Construction","isPartOf":{"@id":"https:\/\/www.kiwiconstruction.fr\/#website"},"primaryImageOfPage":{"@id":"https:\/\/www.kiwiconstruction.fr\/fr\/nos-services#primaryimage"},"image":{"@id":"https:\/\/www.kiwiconstruction.fr\/fr\/nos-services#primaryimage"},"thumbnailUrl":"https:\/\/www.kiwiconstruction.fr\/wp-content\/uploads\/2014\/10\/13308296_554976744705354_8303259280136385146_o-360x240.jpg","datePublished":"2014-10-23T08:32:31+00:00","dateModified":"2016-06-15T07:44:43+00:00","breadcrumb":{"@id":"https:\/\/www.kiwiconstruction.fr\/fr\/nos-services#breadcrumb"},"inLanguage":"fr-FR","potentialAction":[{"@type":"ReadAction","target":["https:\/\/www.kiwiconstruction.fr\/fr\/nos-services"]}]},{"@type":"ImageObject","inLanguage":"fr-FR","@id":"https:\/\/www.kiwiconstruction.fr\/fr\/nos-services#primaryimage","url":"https:\/\/www.kiwiconstruction.fr\/wp-content\/uploads\/2014\/10\/13308296_554976744705354_8303259280136385146_o-360x240.jpg","contentUrl":"https:\/\/www.kiwiconstruction.fr\/wp-content\/uploads\/2014\/10\/13308296_554976744705354_8303259280136385146_o-360x240.jpg"},{"@type":"BreadcrumbList","@id":"https:\/\/www.kiwiconstruction.fr\/fr\/nos-services#breadcrumb","itemListElement":[{"@type":"ListItem","position":1,"name":"Home","item":"https:\/\/www.kiwiconstruction.fr\/fr"},{"@type":"ListItem","position":2,"name":"Nos Services"}]},{"@type":"WebSite","@id":"https:\/\/www.kiwiconstruction.fr\/#website","url":"https:\/\/www.kiwiconstruction.fr\/","name":"Kiwi Construction","description":"Making the impossible, possible!","potentialAction":[{"@type":"SearchAction","target":{"@type":"EntryPoint","urlTemplate":"https:\/\/www.kiwiconstruction.fr\/?s={search_term_string}"},"query-input":{"@type":"PropertyValueSpecification","valueRequired":true,"valueName":"search_term_string"}}],"inLanguage":"fr-FR"}]}},"_links":{"self":[{"href":"https:\/\/www.kiwiconstruction.fr\/fr\/wp-json\/wp\/v2\/pages\/2908","targetHints":{"allow":["GET"]}}],"collection":[{"href":"https:\/\/www.kiwiconstruction.fr\/fr\/wp-json\/wp\/v2\/pages"}],"about":[{"href":"https:\/\/www.kiwiconstruction.fr\/fr\/wp-json\/wp\/v2\/types\/page"}],"author":[{"embeddable":true,"href":"https:\/\/www.kiwiconstruction.fr\/fr\/wp-json\/wp\/v2\/users\/1"}],"replies":[{"embeddable":true,"href":"https:\/\/www.kiwiconstruction.fr\/fr\/wp-json\/wp\/v2\/comments?post=2908"}],"version-history":[{"count":3,"href":"https:\/\/www.kiwiconstruction.fr\/fr\/wp-json\/wp\/v2\/pages\/2908\/revisions"}],"predecessor-version":[{"id":3042,"href":"https:\/\/www.kiwiconstruction.fr\/fr\/wp-json\/wp\/v2\/pages\/2908\/revisions\/3042"}],"wp:attachment":[{"href":"https:\/\/www.kiwiconstruction.fr\/fr\/wp-json\/wp\/v2\/media?parent=2908"}],"curies":[{"name":"wp","href":"https:\/\/api.w.org\/{rel}","templated":true}]}}