{"id":2744,"date":"2016-06-06T15:04:25","date_gmt":"2016-06-06T15:04:25","guid":{"rendered":"https:\/\/www.kiwiconstruction.fr\/fr\/renovations"},"modified":"2016-06-17T07:59:44","modified_gmt":"2016-06-17T07:59:44","slug":"renovations","status":"publish","type":"page","link":"https:\/\/www.kiwiconstruction.fr\/fr\/nos-services\/renovations","title":{"rendered":"R\u00e9novations"},"content":{"rendered":"<div id=\"pl-2744\"  class=\"panel-layout\" ><div id=\"pg-2744-0\"  class=\"panel-grid panel-no-style\" ><div id=\"pgc-2744-0-0\"  class=\"panel-grid-cell\" ><div id=\"panel-2744-0-0-0\" class=\"so-panel widget widget_black-studio-tinymce widget_black_studio_tinymce panel-first-child panel-last-child\" data-index=\"0\" ><h3 class=\"widget-title\">R\u00e9novations<\/h3><div class=\"textwidget\"><p style=\"line-height: 15.75pt; background: white;\"><span style=\"font-size: 10.5pt; font-family: 'Source Sans Pro',sans-serif; color: black;\">R\u00e9nover votre maison est un projet passionnant, mais souvent stressant. Notre objectif est de rendre votre exp\u00e9rience de la r\u00e9novation aussi simple que possible. Nous essayons de r\u00e9duire les d\u00e9sagr\u00e9ments au quotidien, afin que vous puissiez profiter des modifications apport\u00e9es \u00e0 votre maison, dans les meilleures conditions. Une communication fr\u00e9quente en est la cl\u00e9 ainsi que le respect des budgets et \u00e9ch\u00e9ances planifi\u00e9s.<\/span><\/p>\n<p>.<\/p>\n<\/div><\/div><\/div><div id=\"pgc-2744-0-1\"  class=\"panel-grid-cell\" ><div id=\"panel-2744-0-1-0\" class=\"so-panel widget widget_black-studio-tinymce widget_black_studio_tinymce panel-first-child panel-last-child\" data-index=\"1\" ><div class=\"textwidget\"><p><img fetchpriority=\"high\" decoding=\"async\" class=\"alignnone  wp-image-2374\" src=\"https:\/\/www.kiwiconstruction.fr\/wp-content\/uploads\/2016\/06\/DSC01928-169x300.jpg\" alt=\"DSC01928\" width=\"332\" height=\"589\" srcset=\"https:\/\/www.kiwiconstruction.fr\/wp-content\/uploads\/2016\/06\/DSC01928-169x300.jpg 169w, https:\/\/www.kiwiconstruction.fr\/wp-content\/uploads\/2016\/06\/DSC01928-768x1365.jpg 768w, https:\/\/www.kiwiconstruction.fr\/wp-content\/uploads\/2016\/06\/DSC01928-576x1024.jpg 576w, https:\/\/www.kiwiconstruction.fr\/wp-content\/uploads\/2016\/06\/DSC01928-312x555.jpg 312w, https:\/\/www.kiwiconstruction.fr\/wp-content\/uploads\/2016\/06\/DSC01928.jpg 1080w\" sizes=\"(max-width: 332px) 100vw, 332px\" \/><\/p>\n<p><img decoding=\"async\" class=\"alignnone  wp-image-2376\" src=\"https:\/\/www.kiwiconstruction.fr\/wp-content\/uploads\/2016\/06\/DSC01933-169x300.jpg\" alt=\"DSC01933\" width=\"335\" height=\"595\" srcset=\"https:\/\/www.kiwiconstruction.fr\/wp-content\/uploads\/2016\/06\/DSC01933-169x300.jpg 169w, https:\/\/www.kiwiconstruction.fr\/wp-content\/uploads\/2016\/06\/DSC01933-768x1365.jpg 768w, https:\/\/www.kiwiconstruction.fr\/wp-content\/uploads\/2016\/06\/DSC01933-576x1024.jpg 576w, https:\/\/www.kiwiconstruction.fr\/wp-content\/uploads\/2016\/06\/DSC01933-312x555.jpg 312w, https:\/\/www.kiwiconstruction.fr\/wp-content\/uploads\/2016\/06\/DSC01933.jpg 1080w\" sizes=\"(max-width: 335px) 100vw, 335px\" \/><\/p>\n<\/div><\/div><\/div><\/div><\/div>","protected":false},"excerpt":{"rendered":"<p>R\u00e9nover votre maison est un projet passionnant, mais souvent stressant. <\/p>\n","protected":false},"author":1,"featured_media":2374,"parent":2908,"menu_order":0,"comment_status":"closed","ping_status":"closed","template":"","meta":{"_acf_changed":false,"ngg_post_thumbnail":0,"footnotes":""},"class_list":["post-2744","page","type-page","status-publish","has-post-thumbnail","hentry"],"acf":[],"yoast_head":"<!-- This site is optimized with the Yoast SEO plugin v27.4 - https:\/\/yoast.com\/product\/yoast-seo-wordpress\/ -->\n<title>R\u00e9novations - Kiwi Construction<\/title>\n<meta name=\"robots\" content=\"index, follow, max-snippet:-1, max-image-preview:large, max-video-preview:-1\" \/>\n<link rel=\"canonical\" href=\"https:\/\/www.kiwiconstruction.fr\/fr\/nos-services\/renovations\" \/>\n<meta property=\"og:locale\" content=\"fr_FR\" \/>\n<meta property=\"og:type\" content=\"article\" \/>\n<meta property=\"og:title\" content=\"R\u00e9novations - Kiwi Construction\" \/>\n<meta property=\"og:description\" content=\"R\u00e9nover votre maison est un projet passionnant, mais souvent stressant.\" \/>\n<meta property=\"og:url\" content=\"https:\/\/www.kiwiconstruction.fr\/fr\/nos-services\/renovations\" \/>\n<meta property=\"og:site_name\" content=\"Kiwi Construction\" \/>\n<meta property=\"article:modified_time\" content=\"2016-06-17T07:59:44+00:00\" \/>\n<meta property=\"og:image\" content=\"https:\/\/www.kiwiconstruction.fr\/wp-content\/uploads\/2016\/06\/DSC01928.jpg\" \/>\n\t<meta property=\"og:image:width\" content=\"1080\" \/>\n\t<meta property=\"og:image:height\" content=\"1920\" \/>\n\t<meta property=\"og:image:type\" content=\"image\/jpeg\" \/>\n<meta name=\"twitter:card\" content=\"summary_large_image\" \/>\n<script type=\"application\/ld+json\" class=\"yoast-schema-graph\">{\"@context\":\"https:\\\/\\\/schema.org\",\"@graph\":[{\"@type\":\"WebPage\",\"@id\":\"https:\\\/\\\/www.kiwiconstruction.fr\\\/fr\\\/nos-services\\\/renovations\",\"url\":\"https:\\\/\\\/www.kiwiconstruction.fr\\\/fr\\\/nos-services\\\/renovations\",\"name\":\"R\u00e9novations - Kiwi Construction\",\"isPartOf\":{\"@id\":\"https:\\\/\\\/www.kiwiconstruction.fr\\\/#website\"},\"primaryImageOfPage\":{\"@id\":\"https:\\\/\\\/www.kiwiconstruction.fr\\\/fr\\\/nos-services\\\/renovations#primaryimage\"},\"image\":{\"@id\":\"https:\\\/\\\/www.kiwiconstruction.fr\\\/fr\\\/nos-services\\\/renovations#primaryimage\"},\"thumbnailUrl\":\"https:\\\/\\\/www.kiwiconstruction.fr\\\/wp-content\\\/uploads\\\/2016\\\/06\\\/DSC01928.jpg\",\"datePublished\":\"2016-06-06T15:04:25+00:00\",\"dateModified\":\"2016-06-17T07:59:44+00:00\",\"breadcrumb\":{\"@id\":\"https:\\\/\\\/www.kiwiconstruction.fr\\\/fr\\\/nos-services\\\/renovations#breadcrumb\"},\"inLanguage\":\"fr-FR\",\"potentialAction\":[{\"@type\":\"ReadAction\",\"target\":[\"https:\\\/\\\/www.kiwiconstruction.fr\\\/fr\\\/nos-services\\\/renovations\"]}]},{\"@type\":\"ImageObject\",\"inLanguage\":\"fr-FR\",\"@id\":\"https:\\\/\\\/www.kiwiconstruction.fr\\\/fr\\\/nos-services\\\/renovations#primaryimage\",\"url\":\"https:\\\/\\\/www.kiwiconstruction.fr\\\/wp-content\\\/uploads\\\/2016\\\/06\\\/DSC01928.jpg\",\"contentUrl\":\"https:\\\/\\\/www.kiwiconstruction.fr\\\/wp-content\\\/uploads\\\/2016\\\/06\\\/DSC01928.jpg\",\"width\":1080,\"height\":1920},{\"@type\":\"BreadcrumbList\",\"@id\":\"https:\\\/\\\/www.kiwiconstruction.fr\\\/fr\\\/nos-services\\\/renovations#breadcrumb\",\"itemListElement\":[{\"@type\":\"ListItem\",\"position\":1,\"name\":\"Home\",\"item\":\"https:\\\/\\\/www.kiwiconstruction.fr\\\/fr\"},{\"@type\":\"ListItem\",\"position\":2,\"name\":\"Nos Services\",\"item\":\"https:\\\/\\\/www.kiwiconstruction.fr\\\/fr\\\/nos-services\"},{\"@type\":\"ListItem\",\"position\":3,\"name\":\"R\u00e9novations\"}]},{\"@type\":\"WebSite\",\"@id\":\"https:\\\/\\\/www.kiwiconstruction.fr\\\/#website\",\"url\":\"https:\\\/\\\/www.kiwiconstruction.fr\\\/\",\"name\":\"Kiwi Construction\",\"description\":\"Making the impossible, possible!\",\"potentialAction\":[{\"@type\":\"SearchAction\",\"target\":{\"@type\":\"EntryPoint\",\"urlTemplate\":\"https:\\\/\\\/www.kiwiconstruction.fr\\\/?s={search_term_string}\"},\"query-input\":{\"@type\":\"PropertyValueSpecification\",\"valueRequired\":true,\"valueName\":\"search_term_string\"}}],\"inLanguage\":\"fr-FR\"}]}<\/script>\n<!-- \/ Yoast SEO plugin. -->","yoast_head_json":{"title":"R\u00e9novations - Kiwi Construction","robots":{"index":"index","follow":"follow","max-snippet":"max-snippet:-1","max-image-preview":"max-image-preview:large","max-video-preview":"max-video-preview:-1"},"canonical":"https:\/\/www.kiwiconstruction.fr\/fr\/nos-services\/renovations","og_locale":"fr_FR","og_type":"article","og_title":"R\u00e9novations - Kiwi Construction","og_description":"R\u00e9nover votre maison est un projet passionnant, mais souvent stressant.","og_url":"https:\/\/www.kiwiconstruction.fr\/fr\/nos-services\/renovations","og_site_name":"Kiwi Construction","article_modified_time":"2016-06-17T07:59:44+00:00","og_image":[{"width":1080,"height":1920,"url":"https:\/\/www.kiwiconstruction.fr\/wp-content\/uploads\/2016\/06\/DSC01928.jpg","type":"image\/jpeg"}],"twitter_card":"summary_large_image","schema":{"@context":"https:\/\/schema.org","@graph":[{"@type":"WebPage","@id":"https:\/\/www.kiwiconstruction.fr\/fr\/nos-services\/renovations","url":"https:\/\/www.kiwiconstruction.fr\/fr\/nos-services\/renovations","name":"R\u00e9novations - Kiwi Construction","isPartOf":{"@id":"https:\/\/www.kiwiconstruction.fr\/#website"},"primaryImageOfPage":{"@id":"https:\/\/www.kiwiconstruction.fr\/fr\/nos-services\/renovations#primaryimage"},"image":{"@id":"https:\/\/www.kiwiconstruction.fr\/fr\/nos-services\/renovations#primaryimage"},"thumbnailUrl":"https:\/\/www.kiwiconstruction.fr\/wp-content\/uploads\/2016\/06\/DSC01928.jpg","datePublished":"2016-06-06T15:04:25+00:00","dateModified":"2016-06-17T07:59:44+00:00","breadcrumb":{"@id":"https:\/\/www.kiwiconstruction.fr\/fr\/nos-services\/renovations#breadcrumb"},"inLanguage":"fr-FR","potentialAction":[{"@type":"ReadAction","target":["https:\/\/www.kiwiconstruction.fr\/fr\/nos-services\/renovations"]}]},{"@type":"ImageObject","inLanguage":"fr-FR","@id":"https:\/\/www.kiwiconstruction.fr\/fr\/nos-services\/renovations#primaryimage","url":"https:\/\/www.kiwiconstruction.fr\/wp-content\/uploads\/2016\/06\/DSC01928.jpg","contentUrl":"https:\/\/www.kiwiconstruction.fr\/wp-content\/uploads\/2016\/06\/DSC01928.jpg","width":1080,"height":1920},{"@type":"BreadcrumbList","@id":"https:\/\/www.kiwiconstruction.fr\/fr\/nos-services\/renovations#breadcrumb","itemListElement":[{"@type":"ListItem","position":1,"name":"Home","item":"https:\/\/www.kiwiconstruction.fr\/fr"},{"@type":"ListItem","position":2,"name":"Nos Services","item":"https:\/\/www.kiwiconstruction.fr\/fr\/nos-services"},{"@type":"ListItem","position":3,"name":"R\u00e9novations"}]},{"@type":"WebSite","@id":"https:\/\/www.kiwiconstruction.fr\/#website","url":"https:\/\/www.kiwiconstruction.fr\/","name":"Kiwi Construction","description":"Making the impossible, possible!","potentialAction":[{"@type":"SearchAction","target":{"@type":"EntryPoint","urlTemplate":"https:\/\/www.kiwiconstruction.fr\/?s={search_term_string}"},"query-input":{"@type":"PropertyValueSpecification","valueRequired":true,"valueName":"search_term_string"}}],"inLanguage":"fr-FR"}]}},"_links":{"self":[{"href":"https:\/\/www.kiwiconstruction.fr\/fr\/wp-json\/wp\/v2\/pages\/2744","targetHints":{"allow":["GET"]}}],"collection":[{"href":"https:\/\/www.kiwiconstruction.fr\/fr\/wp-json\/wp\/v2\/pages"}],"about":[{"href":"https:\/\/www.kiwiconstruction.fr\/fr\/wp-json\/wp\/v2\/types\/page"}],"author":[{"embeddable":true,"href":"https:\/\/www.kiwiconstruction.fr\/fr\/wp-json\/wp\/v2\/users\/1"}],"replies":[{"embeddable":true,"href":"https:\/\/www.kiwiconstruction.fr\/fr\/wp-json\/wp\/v2\/comments?post=2744"}],"version-history":[{"count":5,"href":"https:\/\/www.kiwiconstruction.fr\/fr\/wp-json\/wp\/v2\/pages\/2744\/revisions"}],"predecessor-version":[{"id":3083,"href":"https:\/\/www.kiwiconstruction.fr\/fr\/wp-json\/wp\/v2\/pages\/2744\/revisions\/3083"}],"up":[{"embeddable":true,"href":"https:\/\/www.kiwiconstruction.fr\/fr\/wp-json\/wp\/v2\/pages\/2908"}],"wp:featuredmedia":[{"embeddable":true,"href":"https:\/\/www.kiwiconstruction.fr\/fr\/wp-json\/wp\/v2\/media\/2374"}],"wp:attachment":[{"href":"https:\/\/www.kiwiconstruction.fr\/fr\/wp-json\/wp\/v2\/media?parent=2744"}],"curies":[{"name":"wp","href":"https:\/\/api.w.org\/{rel}","templated":true}]}}