{"id":2741,"date":"2014-10-23T09:16:50","date_gmt":"2014-10-23T09:16:50","guid":{"rendered":"https:\/\/www.kiwiconstruction.fr\/fr\/project-management"},"modified":"2016-06-17T07:58:02","modified_gmt":"2016-06-17T07:58:02","slug":"gestion-de-projet","status":"publish","type":"page","link":"https:\/\/www.kiwiconstruction.fr\/fr\/nos-services\/gestion-de-projet","title":{"rendered":"Gestion de Projet"},"content":{"rendered":"<div id=\"pl-2741\"  class=\"panel-layout\" ><div id=\"pg-2741-0\"  class=\"panel-grid panel-no-style\" ><div id=\"pgc-2741-0-0\"  class=\"panel-grid-cell\" ><div id=\"panel-2741-0-0-0\" class=\"so-panel widget widget_black-studio-tinymce widget_black_studio_tinymce panel-first-child panel-last-child\" data-index=\"0\" ><h3 class=\"widget-title\">Gestion de Projet<\/h3><div class=\"textwidget\"><p style=\"line-height: 15.75pt; background: white;\"><span style=\"font-size: 10.5pt; font-family: 'Source Sans Pro',sans-serif; color: black;\">Nous avons d\u00e9j\u00e0 les artisans pr\u00eats \u00e0 commencer votre projet. Notre service vise \u00e0 r\u00e9aliser vos projets au bon moment et au bon prix.<\/span><\/p>\n<\/div><\/div><\/div><div id=\"pgc-2741-0-1\"  class=\"panel-grid-cell\" ><div id=\"panel-2741-0-1-0\" class=\"so-panel widget widget_black-studio-tinymce widget_black_studio_tinymce panel-first-child panel-last-child\" data-index=\"1\" ><div class=\"textwidget\"><p><img fetchpriority=\"high\" decoding=\"async\" class=\"alignnone  wp-image-2370\" src=\"https:\/\/www.kiwiconstruction.fr\/wp-content\/uploads\/2014\/10\/Florida08072014_0044w-300x202.jpg\" alt=\"Florida08072014_0044w\" width=\"451\" height=\"304\" srcset=\"https:\/\/www.kiwiconstruction.fr\/wp-content\/uploads\/2014\/10\/Florida08072014_0044w-300x202.jpg 300w, https:\/\/www.kiwiconstruction.fr\/wp-content\/uploads\/2014\/10\/Florida08072014_0044w-768x516.jpg 768w, https:\/\/www.kiwiconstruction.fr\/wp-content\/uploads\/2014\/10\/Florida08072014_0044w-555x373.jpg 555w, https:\/\/www.kiwiconstruction.fr\/wp-content\/uploads\/2014\/10\/Florida08072014_0044w.jpg 814w\" sizes=\"(max-width: 451px) 100vw, 451px\" \/><\/p>\n<p>\u00a0<\/p>\n<p><img decoding=\"async\" class=\"alignnone  wp-image-2371\" src=\"https:\/\/www.kiwiconstruction.fr\/wp-content\/uploads\/2014\/10\/Florida08072014_0080w-300x202.jpg\" alt=\"Florida08072014_0080w\" width=\"444\" height=\"299\" srcset=\"https:\/\/www.kiwiconstruction.fr\/wp-content\/uploads\/2014\/10\/Florida08072014_0080w-300x202.jpg 300w, https:\/\/www.kiwiconstruction.fr\/wp-content\/uploads\/2014\/10\/Florida08072014_0080w-768x516.jpg 768w, https:\/\/www.kiwiconstruction.fr\/wp-content\/uploads\/2014\/10\/Florida08072014_0080w-555x373.jpg 555w, https:\/\/www.kiwiconstruction.fr\/wp-content\/uploads\/2014\/10\/Florida08072014_0080w.jpg 814w\" sizes=\"(max-width: 444px) 100vw, 444px\" \/><\/p>\n<\/div><\/div><\/div><\/div><\/div>","protected":false},"excerpt":{"rendered":"<p>Nous avons d\u00e9j\u00e0 les artisans pr\u00eats \u00e0 commencer votre projet. Notre service vise \u00e0 r\u00e9aliser vos projets au bon moment et au bon prix.<\/p>\n","protected":false},"author":1,"featured_media":2376,"parent":2908,"menu_order":0,"comment_status":"closed","ping_status":"closed","template":"","meta":{"_acf_changed":false,"ngg_post_thumbnail":0,"footnotes":""},"class_list":["post-2741","page","type-page","status-publish","has-post-thumbnail","hentry"],"acf":[],"yoast_head":"<!-- This site is optimized with the Yoast SEO plugin v27.4 - https:\/\/yoast.com\/product\/yoast-seo-wordpress\/ -->\n<title>Gestion de Projet - Kiwi Construction<\/title>\n<meta name=\"robots\" content=\"index, follow, max-snippet:-1, max-image-preview:large, max-video-preview:-1\" \/>\n<link rel=\"canonical\" href=\"https:\/\/www.kiwiconstruction.fr\/fr\/nos-services\/gestion-de-projet\" \/>\n<meta property=\"og:locale\" content=\"fr_FR\" \/>\n<meta property=\"og:type\" content=\"article\" \/>\n<meta property=\"og:title\" content=\"Gestion de Projet - Kiwi Construction\" \/>\n<meta property=\"og:description\" content=\"Nous avons d\u00e9j\u00e0 les artisans pr\u00eats \u00e0 commencer votre projet. Notre service vise \u00e0 r\u00e9aliser vos projets au bon moment et au bon prix.\" \/>\n<meta property=\"og:url\" content=\"https:\/\/www.kiwiconstruction.fr\/fr\/nos-services\/gestion-de-projet\" \/>\n<meta property=\"og:site_name\" content=\"Kiwi Construction\" \/>\n<meta property=\"article:modified_time\" content=\"2016-06-17T07:58:02+00:00\" \/>\n<meta property=\"og:image\" content=\"https:\/\/www.kiwiconstruction.fr\/wp-content\/uploads\/2016\/06\/DSC01933.jpg\" \/>\n\t<meta property=\"og:image:width\" content=\"1080\" \/>\n\t<meta property=\"og:image:height\" content=\"1920\" \/>\n\t<meta property=\"og:image:type\" content=\"image\/jpeg\" \/>\n<meta name=\"twitter:card\" content=\"summary_large_image\" \/>\n<script type=\"application\/ld+json\" class=\"yoast-schema-graph\">{\"@context\":\"https:\\\/\\\/schema.org\",\"@graph\":[{\"@type\":\"WebPage\",\"@id\":\"https:\\\/\\\/www.kiwiconstruction.fr\\\/fr\\\/nos-services\\\/gestion-de-projet\",\"url\":\"https:\\\/\\\/www.kiwiconstruction.fr\\\/fr\\\/nos-services\\\/gestion-de-projet\",\"name\":\"Gestion de Projet - Kiwi Construction\",\"isPartOf\":{\"@id\":\"https:\\\/\\\/www.kiwiconstruction.fr\\\/#website\"},\"primaryImageOfPage\":{\"@id\":\"https:\\\/\\\/www.kiwiconstruction.fr\\\/fr\\\/nos-services\\\/gestion-de-projet#primaryimage\"},\"image\":{\"@id\":\"https:\\\/\\\/www.kiwiconstruction.fr\\\/fr\\\/nos-services\\\/gestion-de-projet#primaryimage\"},\"thumbnailUrl\":\"https:\\\/\\\/www.kiwiconstruction.fr\\\/wp-content\\\/uploads\\\/2016\\\/06\\\/DSC01933.jpg\",\"datePublished\":\"2014-10-23T09:16:50+00:00\",\"dateModified\":\"2016-06-17T07:58:02+00:00\",\"breadcrumb\":{\"@id\":\"https:\\\/\\\/www.kiwiconstruction.fr\\\/fr\\\/nos-services\\\/gestion-de-projet#breadcrumb\"},\"inLanguage\":\"fr-FR\",\"potentialAction\":[{\"@type\":\"ReadAction\",\"target\":[\"https:\\\/\\\/www.kiwiconstruction.fr\\\/fr\\\/nos-services\\\/gestion-de-projet\"]}]},{\"@type\":\"ImageObject\",\"inLanguage\":\"fr-FR\",\"@id\":\"https:\\\/\\\/www.kiwiconstruction.fr\\\/fr\\\/nos-services\\\/gestion-de-projet#primaryimage\",\"url\":\"https:\\\/\\\/www.kiwiconstruction.fr\\\/wp-content\\\/uploads\\\/2016\\\/06\\\/DSC01933.jpg\",\"contentUrl\":\"https:\\\/\\\/www.kiwiconstruction.fr\\\/wp-content\\\/uploads\\\/2016\\\/06\\\/DSC01933.jpg\",\"width\":1080,\"height\":1920},{\"@type\":\"BreadcrumbList\",\"@id\":\"https:\\\/\\\/www.kiwiconstruction.fr\\\/fr\\\/nos-services\\\/gestion-de-projet#breadcrumb\",\"itemListElement\":[{\"@type\":\"ListItem\",\"position\":1,\"name\":\"Home\",\"item\":\"https:\\\/\\\/www.kiwiconstruction.fr\\\/fr\"},{\"@type\":\"ListItem\",\"position\":2,\"name\":\"Nos Services\",\"item\":\"https:\\\/\\\/www.kiwiconstruction.fr\\\/fr\\\/nos-services\"},{\"@type\":\"ListItem\",\"position\":3,\"name\":\"Gestion de Projet\"}]},{\"@type\":\"WebSite\",\"@id\":\"https:\\\/\\\/www.kiwiconstruction.fr\\\/#website\",\"url\":\"https:\\\/\\\/www.kiwiconstruction.fr\\\/\",\"name\":\"Kiwi Construction\",\"description\":\"Making the impossible, possible!\",\"potentialAction\":[{\"@type\":\"SearchAction\",\"target\":{\"@type\":\"EntryPoint\",\"urlTemplate\":\"https:\\\/\\\/www.kiwiconstruction.fr\\\/?s={search_term_string}\"},\"query-input\":{\"@type\":\"PropertyValueSpecification\",\"valueRequired\":true,\"valueName\":\"search_term_string\"}}],\"inLanguage\":\"fr-FR\"}]}<\/script>\n<!-- \/ Yoast SEO plugin. -->","yoast_head_json":{"title":"Gestion de Projet - Kiwi Construction","robots":{"index":"index","follow":"follow","max-snippet":"max-snippet:-1","max-image-preview":"max-image-preview:large","max-video-preview":"max-video-preview:-1"},"canonical":"https:\/\/www.kiwiconstruction.fr\/fr\/nos-services\/gestion-de-projet","og_locale":"fr_FR","og_type":"article","og_title":"Gestion de Projet - Kiwi Construction","og_description":"Nous avons d\u00e9j\u00e0 les artisans pr\u00eats \u00e0 commencer votre projet. Notre service vise \u00e0 r\u00e9aliser vos projets au bon moment et au bon prix.","og_url":"https:\/\/www.kiwiconstruction.fr\/fr\/nos-services\/gestion-de-projet","og_site_name":"Kiwi Construction","article_modified_time":"2016-06-17T07:58:02+00:00","og_image":[{"width":1080,"height":1920,"url":"https:\/\/www.kiwiconstruction.fr\/wp-content\/uploads\/2016\/06\/DSC01933.jpg","type":"image\/jpeg"}],"twitter_card":"summary_large_image","schema":{"@context":"https:\/\/schema.org","@graph":[{"@type":"WebPage","@id":"https:\/\/www.kiwiconstruction.fr\/fr\/nos-services\/gestion-de-projet","url":"https:\/\/www.kiwiconstruction.fr\/fr\/nos-services\/gestion-de-projet","name":"Gestion de Projet - Kiwi Construction","isPartOf":{"@id":"https:\/\/www.kiwiconstruction.fr\/#website"},"primaryImageOfPage":{"@id":"https:\/\/www.kiwiconstruction.fr\/fr\/nos-services\/gestion-de-projet#primaryimage"},"image":{"@id":"https:\/\/www.kiwiconstruction.fr\/fr\/nos-services\/gestion-de-projet#primaryimage"},"thumbnailUrl":"https:\/\/www.kiwiconstruction.fr\/wp-content\/uploads\/2016\/06\/DSC01933.jpg","datePublished":"2014-10-23T09:16:50+00:00","dateModified":"2016-06-17T07:58:02+00:00","breadcrumb":{"@id":"https:\/\/www.kiwiconstruction.fr\/fr\/nos-services\/gestion-de-projet#breadcrumb"},"inLanguage":"fr-FR","potentialAction":[{"@type":"ReadAction","target":["https:\/\/www.kiwiconstruction.fr\/fr\/nos-services\/gestion-de-projet"]}]},{"@type":"ImageObject","inLanguage":"fr-FR","@id":"https:\/\/www.kiwiconstruction.fr\/fr\/nos-services\/gestion-de-projet#primaryimage","url":"https:\/\/www.kiwiconstruction.fr\/wp-content\/uploads\/2016\/06\/DSC01933.jpg","contentUrl":"https:\/\/www.kiwiconstruction.fr\/wp-content\/uploads\/2016\/06\/DSC01933.jpg","width":1080,"height":1920},{"@type":"BreadcrumbList","@id":"https:\/\/www.kiwiconstruction.fr\/fr\/nos-services\/gestion-de-projet#breadcrumb","itemListElement":[{"@type":"ListItem","position":1,"name":"Home","item":"https:\/\/www.kiwiconstruction.fr\/fr"},{"@type":"ListItem","position":2,"name":"Nos Services","item":"https:\/\/www.kiwiconstruction.fr\/fr\/nos-services"},{"@type":"ListItem","position":3,"name":"Gestion de Projet"}]},{"@type":"WebSite","@id":"https:\/\/www.kiwiconstruction.fr\/#website","url":"https:\/\/www.kiwiconstruction.fr\/","name":"Kiwi Construction","description":"Making the impossible, possible!","potentialAction":[{"@type":"SearchAction","target":{"@type":"EntryPoint","urlTemplate":"https:\/\/www.kiwiconstruction.fr\/?s={search_term_string}"},"query-input":{"@type":"PropertyValueSpecification","valueRequired":true,"valueName":"search_term_string"}}],"inLanguage":"fr-FR"}]}},"_links":{"self":[{"href":"https:\/\/www.kiwiconstruction.fr\/fr\/wp-json\/wp\/v2\/pages\/2741","targetHints":{"allow":["GET"]}}],"collection":[{"href":"https:\/\/www.kiwiconstruction.fr\/fr\/wp-json\/wp\/v2\/pages"}],"about":[{"href":"https:\/\/www.kiwiconstruction.fr\/fr\/wp-json\/wp\/v2\/types\/page"}],"author":[{"embeddable":true,"href":"https:\/\/www.kiwiconstruction.fr\/fr\/wp-json\/wp\/v2\/users\/1"}],"replies":[{"embeddable":true,"href":"https:\/\/www.kiwiconstruction.fr\/fr\/wp-json\/wp\/v2\/comments?post=2741"}],"version-history":[{"count":5,"href":"https:\/\/www.kiwiconstruction.fr\/fr\/wp-json\/wp\/v2\/pages\/2741\/revisions"}],"predecessor-version":[{"id":3079,"href":"https:\/\/www.kiwiconstruction.fr\/fr\/wp-json\/wp\/v2\/pages\/2741\/revisions\/3079"}],"up":[{"embeddable":true,"href":"https:\/\/www.kiwiconstruction.fr\/fr\/wp-json\/wp\/v2\/pages\/2908"}],"wp:featuredmedia":[{"embeddable":true,"href":"https:\/\/www.kiwiconstruction.fr\/fr\/wp-json\/wp\/v2\/media\/2376"}],"wp:attachment":[{"href":"https:\/\/www.kiwiconstruction.fr\/fr\/wp-json\/wp\/v2\/media?parent=2741"}],"curies":[{"name":"wp","href":"https:\/\/api.w.org\/{rel}","templated":true}]}}