{"id":2732,"date":"2014-10-23T09:16:12","date_gmt":"2014-10-23T09:16:12","guid":{"rendered":"https:\/\/www.kiwiconstruction.fr\/fr\/plastering-painting"},"modified":"2016-06-17T08:00:15","modified_gmt":"2016-06-17T08:00:15","slug":"platerie-peinture","status":"publish","type":"page","link":"https:\/\/www.kiwiconstruction.fr\/fr\/nos-services\/platerie-peinture","title":{"rendered":"Travaux de pl\u00e2trerie et peinture"},"content":{"rendered":"<div id=\"pl-2732\"  class=\"panel-layout\" ><div id=\"pg-2732-0\"  class=\"panel-grid panel-no-style\" ><div id=\"pgc-2732-0-0\"  class=\"panel-grid-cell\" ><div id=\"panel-2732-0-0-0\" class=\"so-panel widget widget_black-studio-tinymce widget_black_studio_tinymce panel-first-child panel-last-child\" data-index=\"0\" ><h3 class=\"widget-title\">Travaux de pl\u00e2trerie et peinture<\/h3><div class=\"textwidget\"><p style=\"line-height: 15.75pt; background: white;\"><span style=\"font-size: 10.5pt; font-family: 'Source Sans Pro',sans-serif; color: black;\">Travaux de pl\u00e2trerie<\/span><\/p>\n<p style=\"line-height: 15.75pt; background: white;\"><span style=\"font-size: 10.5pt; font-family: 'Source Sans Pro',sans-serif; color: black;\">Tous les aspects de travaux de pl\u00e2trerie, y compris la pr\u00e9paration \u00e0 la peinture des murs et plafonds. Enduit et panneaux de rev\u00eatement sur les murs \u00e0 ossature ou charpente m\u00e9tallique.<\/span><\/p>\n<p style=\"line-height: 15.75pt; background: white;\"><span style=\"font-size: 10.5pt; font-family: 'Source Sans Pro',sans-serif; color: black;\">Peinture<\/span><\/p>\n<p style=\"line-height: 15.75pt; background: white;\"><span style=\"font-size: 10.5pt; font-family: 'Source Sans Pro',sans-serif; color: black;\">Peinture professionnelle et prestations de d\u00e9coration.<\/span><\/p>\n<\/div><\/div><\/div><div id=\"pgc-2732-0-1\"  class=\"panel-grid-cell\" ><div id=\"panel-2732-0-1-0\" class=\"so-panel widget widget_black-studio-tinymce widget_black_studio_tinymce panel-first-child panel-last-child\" data-index=\"1\" ><div class=\"textwidget\"><p>\u00a0<\/p>\n<p><img fetchpriority=\"high\" decoding=\"async\" class=\"alignnone  wp-image-2332\" src=\"https:\/\/www.kiwiconstruction.fr\/wp-content\/uploads\/2014\/10\/DSC03676-1-300x225.jpg\" alt=\"DSC03676-1\" width=\"427\" height=\"320\" srcset=\"https:\/\/www.kiwiconstruction.fr\/wp-content\/uploads\/2014\/10\/DSC03676-1-300x225.jpg 300w, https:\/\/www.kiwiconstruction.fr\/wp-content\/uploads\/2014\/10\/DSC03676-1-768x576.jpg 768w, https:\/\/www.kiwiconstruction.fr\/wp-content\/uploads\/2014\/10\/DSC03676-1-555x416.jpg 555w, https:\/\/www.kiwiconstruction.fr\/wp-content\/uploads\/2014\/10\/DSC03676-1-100x75.jpg 100w, https:\/\/www.kiwiconstruction.fr\/wp-content\/uploads\/2014\/10\/DSC03676-1.jpg 1020w\" sizes=\"(max-width: 427px) 100vw, 427px\" \/><\/p>\n<p><img decoding=\"async\" class=\"alignnone  wp-image-2366\" src=\"https:\/\/www.kiwiconstruction.fr\/wp-content\/uploads\/2014\/10\/DSC03036-1-300x225.jpg\" alt=\"DSC03036-1\" width=\"424\" height=\"318\" srcset=\"https:\/\/www.kiwiconstruction.fr\/wp-content\/uploads\/2014\/10\/DSC03036-1-300x225.jpg 300w, https:\/\/www.kiwiconstruction.fr\/wp-content\/uploads\/2014\/10\/DSC03036-1-768x576.jpg 768w, https:\/\/www.kiwiconstruction.fr\/wp-content\/uploads\/2014\/10\/DSC03036-1-555x416.jpg 555w, https:\/\/www.kiwiconstruction.fr\/wp-content\/uploads\/2014\/10\/DSC03036-1-100x75.jpg 100w, https:\/\/www.kiwiconstruction.fr\/wp-content\/uploads\/2014\/10\/DSC03036-1.jpg 1020w\" sizes=\"(max-width: 424px) 100vw, 424px\" \/><\/p>\n<\/div><\/div><\/div><\/div><\/div>","protected":false},"excerpt":{"rendered":"<p>Tous les aspects de travaux de pl\u00e2trerie, y compris la pr\u00e9paration \u00e0 la peinture des murs et plafonds. Enduit et panneaux de rev\u00eatement sur les murs \u00e0 ossature ou charpente m\u00e9tallique.<\/p>\n","protected":false},"author":1,"featured_media":2332,"parent":2908,"menu_order":0,"comment_status":"closed","ping_status":"closed","template":"","meta":{"_acf_changed":false,"ngg_post_thumbnail":0,"footnotes":""},"class_list":["post-2732","page","type-page","status-publish","has-post-thumbnail","hentry"],"acf":[],"yoast_head":"<!-- This site is optimized with the Yoast SEO plugin v27.4 - https:\/\/yoast.com\/product\/yoast-seo-wordpress\/ -->\n<title>Travaux de pl\u00e2trerie et peinture - Kiwi Construction<\/title>\n<meta name=\"robots\" content=\"index, follow, max-snippet:-1, max-image-preview:large, max-video-preview:-1\" \/>\n<link rel=\"canonical\" href=\"https:\/\/www.kiwiconstruction.fr\/fr\/nos-services\/platerie-peinture\" \/>\n<meta property=\"og:locale\" content=\"fr_FR\" \/>\n<meta property=\"og:type\" content=\"article\" \/>\n<meta property=\"og:title\" content=\"Travaux de pl\u00e2trerie et peinture - Kiwi Construction\" \/>\n<meta property=\"og:description\" content=\"Tous les aspects de travaux de pl\u00e2trerie, y compris la pr\u00e9paration \u00e0 la peinture des murs et plafonds. Enduit et panneaux de rev\u00eatement sur les murs \u00e0 ossature ou charpente m\u00e9tallique.\" \/>\n<meta property=\"og:url\" content=\"https:\/\/www.kiwiconstruction.fr\/fr\/nos-services\/platerie-peinture\" \/>\n<meta property=\"og:site_name\" content=\"Kiwi Construction\" \/>\n<meta property=\"article:modified_time\" content=\"2016-06-17T08:00:15+00:00\" \/>\n<meta property=\"og:image\" content=\"https:\/\/www.kiwiconstruction.fr\/wp-content\/uploads\/2014\/10\/DSC03676-1.jpg\" \/>\n\t<meta property=\"og:image:width\" content=\"1020\" \/>\n\t<meta property=\"og:image:height\" content=\"765\" \/>\n\t<meta property=\"og:image:type\" content=\"image\/jpeg\" \/>\n<meta name=\"twitter:card\" content=\"summary_large_image\" \/>\n<script type=\"application\/ld+json\" class=\"yoast-schema-graph\">{\"@context\":\"https:\\\/\\\/schema.org\",\"@graph\":[{\"@type\":\"WebPage\",\"@id\":\"https:\\\/\\\/www.kiwiconstruction.fr\\\/fr\\\/nos-services\\\/platerie-peinture\",\"url\":\"https:\\\/\\\/www.kiwiconstruction.fr\\\/fr\\\/nos-services\\\/platerie-peinture\",\"name\":\"Travaux de pl\u00e2trerie et peinture - Kiwi Construction\",\"isPartOf\":{\"@id\":\"https:\\\/\\\/www.kiwiconstruction.fr\\\/#website\"},\"primaryImageOfPage\":{\"@id\":\"https:\\\/\\\/www.kiwiconstruction.fr\\\/fr\\\/nos-services\\\/platerie-peinture#primaryimage\"},\"image\":{\"@id\":\"https:\\\/\\\/www.kiwiconstruction.fr\\\/fr\\\/nos-services\\\/platerie-peinture#primaryimage\"},\"thumbnailUrl\":\"https:\\\/\\\/www.kiwiconstruction.fr\\\/wp-content\\\/uploads\\\/2014\\\/10\\\/DSC03676-1.jpg\",\"datePublished\":\"2014-10-23T09:16:12+00:00\",\"dateModified\":\"2016-06-17T08:00:15+00:00\",\"breadcrumb\":{\"@id\":\"https:\\\/\\\/www.kiwiconstruction.fr\\\/fr\\\/nos-services\\\/platerie-peinture#breadcrumb\"},\"inLanguage\":\"fr-FR\",\"potentialAction\":[{\"@type\":\"ReadAction\",\"target\":[\"https:\\\/\\\/www.kiwiconstruction.fr\\\/fr\\\/nos-services\\\/platerie-peinture\"]}]},{\"@type\":\"ImageObject\",\"inLanguage\":\"fr-FR\",\"@id\":\"https:\\\/\\\/www.kiwiconstruction.fr\\\/fr\\\/nos-services\\\/platerie-peinture#primaryimage\",\"url\":\"https:\\\/\\\/www.kiwiconstruction.fr\\\/wp-content\\\/uploads\\\/2014\\\/10\\\/DSC03676-1.jpg\",\"contentUrl\":\"https:\\\/\\\/www.kiwiconstruction.fr\\\/wp-content\\\/uploads\\\/2014\\\/10\\\/DSC03676-1.jpg\",\"width\":1020,\"height\":765,\"caption\":\"DSC03676-1\"},{\"@type\":\"BreadcrumbList\",\"@id\":\"https:\\\/\\\/www.kiwiconstruction.fr\\\/fr\\\/nos-services\\\/platerie-peinture#breadcrumb\",\"itemListElement\":[{\"@type\":\"ListItem\",\"position\":1,\"name\":\"Home\",\"item\":\"https:\\\/\\\/www.kiwiconstruction.fr\\\/fr\"},{\"@type\":\"ListItem\",\"position\":2,\"name\":\"Nos Services\",\"item\":\"https:\\\/\\\/www.kiwiconstruction.fr\\\/fr\\\/nos-services\"},{\"@type\":\"ListItem\",\"position\":3,\"name\":\"Travaux de pl\u00e2trerie et peinture\"}]},{\"@type\":\"WebSite\",\"@id\":\"https:\\\/\\\/www.kiwiconstruction.fr\\\/#website\",\"url\":\"https:\\\/\\\/www.kiwiconstruction.fr\\\/\",\"name\":\"Kiwi Construction\",\"description\":\"Making the impossible, possible!\",\"potentialAction\":[{\"@type\":\"SearchAction\",\"target\":{\"@type\":\"EntryPoint\",\"urlTemplate\":\"https:\\\/\\\/www.kiwiconstruction.fr\\\/?s={search_term_string}\"},\"query-input\":{\"@type\":\"PropertyValueSpecification\",\"valueRequired\":true,\"valueName\":\"search_term_string\"}}],\"inLanguage\":\"fr-FR\"}]}<\/script>\n<!-- \/ Yoast SEO plugin. -->","yoast_head_json":{"title":"Travaux de pl\u00e2trerie et peinture - Kiwi Construction","robots":{"index":"index","follow":"follow","max-snippet":"max-snippet:-1","max-image-preview":"max-image-preview:large","max-video-preview":"max-video-preview:-1"},"canonical":"https:\/\/www.kiwiconstruction.fr\/fr\/nos-services\/platerie-peinture","og_locale":"fr_FR","og_type":"article","og_title":"Travaux de pl\u00e2trerie et peinture - Kiwi Construction","og_description":"Tous les aspects de travaux de pl\u00e2trerie, y compris la pr\u00e9paration \u00e0 la peinture des murs et plafonds. Enduit et panneaux de rev\u00eatement sur les murs \u00e0 ossature ou charpente m\u00e9tallique.","og_url":"https:\/\/www.kiwiconstruction.fr\/fr\/nos-services\/platerie-peinture","og_site_name":"Kiwi Construction","article_modified_time":"2016-06-17T08:00:15+00:00","og_image":[{"width":1020,"height":765,"url":"https:\/\/www.kiwiconstruction.fr\/wp-content\/uploads\/2014\/10\/DSC03676-1.jpg","type":"image\/jpeg"}],"twitter_card":"summary_large_image","schema":{"@context":"https:\/\/schema.org","@graph":[{"@type":"WebPage","@id":"https:\/\/www.kiwiconstruction.fr\/fr\/nos-services\/platerie-peinture","url":"https:\/\/www.kiwiconstruction.fr\/fr\/nos-services\/platerie-peinture","name":"Travaux de pl\u00e2trerie et peinture - Kiwi Construction","isPartOf":{"@id":"https:\/\/www.kiwiconstruction.fr\/#website"},"primaryImageOfPage":{"@id":"https:\/\/www.kiwiconstruction.fr\/fr\/nos-services\/platerie-peinture#primaryimage"},"image":{"@id":"https:\/\/www.kiwiconstruction.fr\/fr\/nos-services\/platerie-peinture#primaryimage"},"thumbnailUrl":"https:\/\/www.kiwiconstruction.fr\/wp-content\/uploads\/2014\/10\/DSC03676-1.jpg","datePublished":"2014-10-23T09:16:12+00:00","dateModified":"2016-06-17T08:00:15+00:00","breadcrumb":{"@id":"https:\/\/www.kiwiconstruction.fr\/fr\/nos-services\/platerie-peinture#breadcrumb"},"inLanguage":"fr-FR","potentialAction":[{"@type":"ReadAction","target":["https:\/\/www.kiwiconstruction.fr\/fr\/nos-services\/platerie-peinture"]}]},{"@type":"ImageObject","inLanguage":"fr-FR","@id":"https:\/\/www.kiwiconstruction.fr\/fr\/nos-services\/platerie-peinture#primaryimage","url":"https:\/\/www.kiwiconstruction.fr\/wp-content\/uploads\/2014\/10\/DSC03676-1.jpg","contentUrl":"https:\/\/www.kiwiconstruction.fr\/wp-content\/uploads\/2014\/10\/DSC03676-1.jpg","width":1020,"height":765,"caption":"DSC03676-1"},{"@type":"BreadcrumbList","@id":"https:\/\/www.kiwiconstruction.fr\/fr\/nos-services\/platerie-peinture#breadcrumb","itemListElement":[{"@type":"ListItem","position":1,"name":"Home","item":"https:\/\/www.kiwiconstruction.fr\/fr"},{"@type":"ListItem","position":2,"name":"Nos Services","item":"https:\/\/www.kiwiconstruction.fr\/fr\/nos-services"},{"@type":"ListItem","position":3,"name":"Travaux de pl\u00e2trerie et peinture"}]},{"@type":"WebSite","@id":"https:\/\/www.kiwiconstruction.fr\/#website","url":"https:\/\/www.kiwiconstruction.fr\/","name":"Kiwi Construction","description":"Making the impossible, possible!","potentialAction":[{"@type":"SearchAction","target":{"@type":"EntryPoint","urlTemplate":"https:\/\/www.kiwiconstruction.fr\/?s={search_term_string}"},"query-input":{"@type":"PropertyValueSpecification","valueRequired":true,"valueName":"search_term_string"}}],"inLanguage":"fr-FR"}]}},"_links":{"self":[{"href":"https:\/\/www.kiwiconstruction.fr\/fr\/wp-json\/wp\/v2\/pages\/2732","targetHints":{"allow":["GET"]}}],"collection":[{"href":"https:\/\/www.kiwiconstruction.fr\/fr\/wp-json\/wp\/v2\/pages"}],"about":[{"href":"https:\/\/www.kiwiconstruction.fr\/fr\/wp-json\/wp\/v2\/types\/page"}],"author":[{"embeddable":true,"href":"https:\/\/www.kiwiconstruction.fr\/fr\/wp-json\/wp\/v2\/users\/1"}],"replies":[{"embeddable":true,"href":"https:\/\/www.kiwiconstruction.fr\/fr\/wp-json\/wp\/v2\/comments?post=2732"}],"version-history":[{"count":7,"href":"https:\/\/www.kiwiconstruction.fr\/fr\/wp-json\/wp\/v2\/pages\/2732\/revisions"}],"predecessor-version":[{"id":3084,"href":"https:\/\/www.kiwiconstruction.fr\/fr\/wp-json\/wp\/v2\/pages\/2732\/revisions\/3084"}],"up":[{"embeddable":true,"href":"https:\/\/www.kiwiconstruction.fr\/fr\/wp-json\/wp\/v2\/pages\/2908"}],"wp:featuredmedia":[{"embeddable":true,"href":"https:\/\/www.kiwiconstruction.fr\/fr\/wp-json\/wp\/v2\/media\/2332"}],"wp:attachment":[{"href":"https:\/\/www.kiwiconstruction.fr\/fr\/wp-json\/wp\/v2\/media?parent=2732"}],"curies":[{"name":"wp","href":"https:\/\/api.w.org\/{rel}","templated":true}]}}