{"id":2723,"date":"2014-10-23T09:22:51","date_gmt":"2014-10-23T09:22:51","guid":{"rendered":"https:\/\/www.kiwiconstruction.fr\/fr\/masonry"},"modified":"2016-06-17T07:58:26","modified_gmt":"2016-06-17T07:58:26","slug":"maconnerie","status":"publish","type":"page","link":"https:\/\/www.kiwiconstruction.fr\/fr\/nos-services\/maconnerie","title":{"rendered":"Ma\u00e7onnerie"},"content":{"rendered":"<div id=\"pl-2723\"  class=\"panel-layout\" ><div id=\"pg-2723-0\"  class=\"panel-grid panel-no-style\" ><div id=\"pgc-2723-0-0\"  class=\"panel-grid-cell\" ><div id=\"panel-2723-0-0-0\" class=\"so-panel widget widget_black-studio-tinymce widget_black_studio_tinymce panel-first-child panel-last-child\" data-index=\"0\" ><h3 class=\"widget-title\">Ma\u00e7onnerie<\/h3><div class=\"textwidget\"><p style=\"line-height: 15.75pt; background: white;\"><span style=\"font-size: 10.5pt; font-family: 'Source Sans Pro',sans-serif; color: black;\">Notre \u00e9quipe de ma\u00e7ons qualifi\u00e9s peut construire des structures \u00e0 partir de briques, de pierres de construction (y compris marbre, granit et travertin), de pierres calcaires, de pierres reconstitu\u00e9es, de blocs de b\u00e9ton, de blocs de verre et torchis.<\/span><\/p>\n<p style=\"line-height: 15.75pt; background: white;\"><span style=\"font-size: 10.5pt; font-family: 'Source Sans Pro',sans-serif; color: black;\">A Kiwi Construction, nous utilisons des mat\u00e9riaux de qualit\u00e9 et employons des ma\u00e7ons qualifi\u00e9s pour vous assurer un produit qualitatif qui va durer dans le temps.<\/span><\/p>\n<\/div><\/div><\/div><div id=\"pgc-2723-0-1\"  class=\"panel-grid-cell\" ><div id=\"panel-2723-0-1-0\" class=\"so-panel widget widget_black-studio-tinymce widget_black_studio_tinymce panel-first-child panel-last-child\" data-index=\"1\" ><div class=\"textwidget\"><p>\u00a0<\/p>\n<p><img fetchpriority=\"high\" decoding=\"async\" class=\"alignnone  wp-image-2364\" src=\"https:\/\/www.kiwiconstruction.fr\/wp-content\/uploads\/2014\/10\/DSC00319-1024x576-1-300x169.jpg\" alt=\"DSC00319-1024x576\" width=\"517\" height=\"291\" srcset=\"https:\/\/www.kiwiconstruction.fr\/wp-content\/uploads\/2014\/10\/DSC00319-1024x576-1-300x169.jpg 300w, https:\/\/www.kiwiconstruction.fr\/wp-content\/uploads\/2014\/10\/DSC00319-1024x576-1-768x432.jpg 768w, https:\/\/www.kiwiconstruction.fr\/wp-content\/uploads\/2014\/10\/DSC00319-1024x576-1.jpg 1024w, https:\/\/www.kiwiconstruction.fr\/wp-content\/uploads\/2014\/10\/DSC00319-1024x576-1-555x312.jpg 555w\" sizes=\"(max-width: 517px) 100vw, 517px\" \/><\/p>\n<p><img decoding=\"async\" class=\"alignnone  wp-image-2330\" src=\"https:\/\/www.kiwiconstruction.fr\/wp-content\/uploads\/2016\/06\/macon2-1024x768-300x225.jpg\" alt=\"macon2-1024x768\" width=\"515\" height=\"386\" srcset=\"https:\/\/www.kiwiconstruction.fr\/wp-content\/uploads\/2016\/06\/macon2-1024x768-300x225.jpg 300w, https:\/\/www.kiwiconstruction.fr\/wp-content\/uploads\/2016\/06\/macon2-1024x768-768x576.jpg 768w, https:\/\/www.kiwiconstruction.fr\/wp-content\/uploads\/2016\/06\/macon2-1024x768.jpg 1024w, https:\/\/www.kiwiconstruction.fr\/wp-content\/uploads\/2016\/06\/macon2-1024x768-555x416.jpg 555w, https:\/\/www.kiwiconstruction.fr\/wp-content\/uploads\/2016\/06\/macon2-1024x768-100x75.jpg 100w\" sizes=\"(max-width: 515px) 100vw, 515px\" \/><\/p>\n<\/div><\/div><\/div><\/div><\/div>","protected":false},"excerpt":{"rendered":"<p>Notre \u00e9quipe de ma\u00e7ons qualifi\u00e9s peut construire des structures \u00e0 partir de briques, de pierres de construction (y compris marbre, granit et travertin), de pierres calcaires, de pierres reconstitu\u00e9es, de blocs de b\u00e9ton, de blocs de verre et torchis.<\/p>\n","protected":false},"author":1,"featured_media":2364,"parent":2908,"menu_order":0,"comment_status":"closed","ping_status":"closed","template":"","meta":{"_acf_changed":false,"ngg_post_thumbnail":0,"footnotes":""},"class_list":["post-2723","page","type-page","status-publish","has-post-thumbnail","hentry"],"acf":[],"yoast_head":"<!-- This site is optimized with the Yoast SEO plugin v27.4 - https:\/\/yoast.com\/product\/yoast-seo-wordpress\/ -->\n<title>Ma\u00e7onnerie - Kiwi Construction<\/title>\n<meta name=\"robots\" content=\"index, follow, max-snippet:-1, max-image-preview:large, max-video-preview:-1\" \/>\n<link rel=\"canonical\" href=\"https:\/\/www.kiwiconstruction.fr\/fr\/nos-services\/maconnerie\" \/>\n<meta property=\"og:locale\" content=\"fr_FR\" \/>\n<meta property=\"og:type\" content=\"article\" \/>\n<meta property=\"og:title\" content=\"Ma\u00e7onnerie - Kiwi Construction\" \/>\n<meta property=\"og:description\" content=\"Notre \u00e9quipe de ma\u00e7ons qualifi\u00e9s peut construire des structures \u00e0 partir de briques, de pierres de construction (y compris marbre, granit et travertin), de pierres calcaires, de pierres reconstitu\u00e9es, de blocs de b\u00e9ton, de blocs de verre et torchis.\" \/>\n<meta property=\"og:url\" content=\"https:\/\/www.kiwiconstruction.fr\/fr\/nos-services\/maconnerie\" \/>\n<meta property=\"og:site_name\" content=\"Kiwi Construction\" \/>\n<meta property=\"article:modified_time\" content=\"2016-06-17T07:58:26+00:00\" \/>\n<meta property=\"og:image\" content=\"https:\/\/www.kiwiconstruction.fr\/wp-content\/uploads\/2014\/10\/DSC00319-1024x576-1.jpg\" \/>\n\t<meta property=\"og:image:width\" content=\"1024\" \/>\n\t<meta property=\"og:image:height\" content=\"576\" \/>\n\t<meta property=\"og:image:type\" content=\"image\/jpeg\" \/>\n<meta name=\"twitter:card\" content=\"summary_large_image\" \/>\n<script type=\"application\/ld+json\" class=\"yoast-schema-graph\">{\"@context\":\"https:\\\/\\\/schema.org\",\"@graph\":[{\"@type\":\"WebPage\",\"@id\":\"https:\\\/\\\/www.kiwiconstruction.fr\\\/fr\\\/nos-services\\\/maconnerie\",\"url\":\"https:\\\/\\\/www.kiwiconstruction.fr\\\/fr\\\/nos-services\\\/maconnerie\",\"name\":\"Ma\u00e7onnerie - Kiwi Construction\",\"isPartOf\":{\"@id\":\"https:\\\/\\\/www.kiwiconstruction.fr\\\/#website\"},\"primaryImageOfPage\":{\"@id\":\"https:\\\/\\\/www.kiwiconstruction.fr\\\/fr\\\/nos-services\\\/maconnerie#primaryimage\"},\"image\":{\"@id\":\"https:\\\/\\\/www.kiwiconstruction.fr\\\/fr\\\/nos-services\\\/maconnerie#primaryimage\"},\"thumbnailUrl\":\"https:\\\/\\\/www.kiwiconstruction.fr\\\/wp-content\\\/uploads\\\/2014\\\/10\\\/DSC00319-1024x576-1.jpg\",\"datePublished\":\"2014-10-23T09:22:51+00:00\",\"dateModified\":\"2016-06-17T07:58:26+00:00\",\"breadcrumb\":{\"@id\":\"https:\\\/\\\/www.kiwiconstruction.fr\\\/fr\\\/nos-services\\\/maconnerie#breadcrumb\"},\"inLanguage\":\"fr-FR\",\"potentialAction\":[{\"@type\":\"ReadAction\",\"target\":[\"https:\\\/\\\/www.kiwiconstruction.fr\\\/fr\\\/nos-services\\\/maconnerie\"]}]},{\"@type\":\"ImageObject\",\"inLanguage\":\"fr-FR\",\"@id\":\"https:\\\/\\\/www.kiwiconstruction.fr\\\/fr\\\/nos-services\\\/maconnerie#primaryimage\",\"url\":\"https:\\\/\\\/www.kiwiconstruction.fr\\\/wp-content\\\/uploads\\\/2014\\\/10\\\/DSC00319-1024x576-1.jpg\",\"contentUrl\":\"https:\\\/\\\/www.kiwiconstruction.fr\\\/wp-content\\\/uploads\\\/2014\\\/10\\\/DSC00319-1024x576-1.jpg\",\"width\":1024,\"height\":576,\"caption\":\"entreprise maconnerie\"},{\"@type\":\"BreadcrumbList\",\"@id\":\"https:\\\/\\\/www.kiwiconstruction.fr\\\/fr\\\/nos-services\\\/maconnerie#breadcrumb\",\"itemListElement\":[{\"@type\":\"ListItem\",\"position\":1,\"name\":\"Home\",\"item\":\"https:\\\/\\\/www.kiwiconstruction.fr\\\/fr\"},{\"@type\":\"ListItem\",\"position\":2,\"name\":\"Nos Services\",\"item\":\"https:\\\/\\\/www.kiwiconstruction.fr\\\/fr\\\/nos-services\"},{\"@type\":\"ListItem\",\"position\":3,\"name\":\"Ma\u00e7onnerie\"}]},{\"@type\":\"WebSite\",\"@id\":\"https:\\\/\\\/www.kiwiconstruction.fr\\\/#website\",\"url\":\"https:\\\/\\\/www.kiwiconstruction.fr\\\/\",\"name\":\"Kiwi Construction\",\"description\":\"Making the impossible, possible!\",\"potentialAction\":[{\"@type\":\"SearchAction\",\"target\":{\"@type\":\"EntryPoint\",\"urlTemplate\":\"https:\\\/\\\/www.kiwiconstruction.fr\\\/?s={search_term_string}\"},\"query-input\":{\"@type\":\"PropertyValueSpecification\",\"valueRequired\":true,\"valueName\":\"search_term_string\"}}],\"inLanguage\":\"fr-FR\"}]}<\/script>\n<!-- \/ Yoast SEO plugin. -->","yoast_head_json":{"title":"Ma\u00e7onnerie - Kiwi Construction","robots":{"index":"index","follow":"follow","max-snippet":"max-snippet:-1","max-image-preview":"max-image-preview:large","max-video-preview":"max-video-preview:-1"},"canonical":"https:\/\/www.kiwiconstruction.fr\/fr\/nos-services\/maconnerie","og_locale":"fr_FR","og_type":"article","og_title":"Ma\u00e7onnerie - Kiwi Construction","og_description":"Notre \u00e9quipe de ma\u00e7ons qualifi\u00e9s peut construire des structures \u00e0 partir de briques, de pierres de construction (y compris marbre, granit et travertin), de pierres calcaires, de pierres reconstitu\u00e9es, de blocs de b\u00e9ton, de blocs de verre et torchis.","og_url":"https:\/\/www.kiwiconstruction.fr\/fr\/nos-services\/maconnerie","og_site_name":"Kiwi Construction","article_modified_time":"2016-06-17T07:58:26+00:00","og_image":[{"width":1024,"height":576,"url":"https:\/\/www.kiwiconstruction.fr\/wp-content\/uploads\/2014\/10\/DSC00319-1024x576-1.jpg","type":"image\/jpeg"}],"twitter_card":"summary_large_image","schema":{"@context":"https:\/\/schema.org","@graph":[{"@type":"WebPage","@id":"https:\/\/www.kiwiconstruction.fr\/fr\/nos-services\/maconnerie","url":"https:\/\/www.kiwiconstruction.fr\/fr\/nos-services\/maconnerie","name":"Ma\u00e7onnerie - Kiwi Construction","isPartOf":{"@id":"https:\/\/www.kiwiconstruction.fr\/#website"},"primaryImageOfPage":{"@id":"https:\/\/www.kiwiconstruction.fr\/fr\/nos-services\/maconnerie#primaryimage"},"image":{"@id":"https:\/\/www.kiwiconstruction.fr\/fr\/nos-services\/maconnerie#primaryimage"},"thumbnailUrl":"https:\/\/www.kiwiconstruction.fr\/wp-content\/uploads\/2014\/10\/DSC00319-1024x576-1.jpg","datePublished":"2014-10-23T09:22:51+00:00","dateModified":"2016-06-17T07:58:26+00:00","breadcrumb":{"@id":"https:\/\/www.kiwiconstruction.fr\/fr\/nos-services\/maconnerie#breadcrumb"},"inLanguage":"fr-FR","potentialAction":[{"@type":"ReadAction","target":["https:\/\/www.kiwiconstruction.fr\/fr\/nos-services\/maconnerie"]}]},{"@type":"ImageObject","inLanguage":"fr-FR","@id":"https:\/\/www.kiwiconstruction.fr\/fr\/nos-services\/maconnerie#primaryimage","url":"https:\/\/www.kiwiconstruction.fr\/wp-content\/uploads\/2014\/10\/DSC00319-1024x576-1.jpg","contentUrl":"https:\/\/www.kiwiconstruction.fr\/wp-content\/uploads\/2014\/10\/DSC00319-1024x576-1.jpg","width":1024,"height":576,"caption":"entreprise maconnerie"},{"@type":"BreadcrumbList","@id":"https:\/\/www.kiwiconstruction.fr\/fr\/nos-services\/maconnerie#breadcrumb","itemListElement":[{"@type":"ListItem","position":1,"name":"Home","item":"https:\/\/www.kiwiconstruction.fr\/fr"},{"@type":"ListItem","position":2,"name":"Nos Services","item":"https:\/\/www.kiwiconstruction.fr\/fr\/nos-services"},{"@type":"ListItem","position":3,"name":"Ma\u00e7onnerie"}]},{"@type":"WebSite","@id":"https:\/\/www.kiwiconstruction.fr\/#website","url":"https:\/\/www.kiwiconstruction.fr\/","name":"Kiwi Construction","description":"Making the impossible, possible!","potentialAction":[{"@type":"SearchAction","target":{"@type":"EntryPoint","urlTemplate":"https:\/\/www.kiwiconstruction.fr\/?s={search_term_string}"},"query-input":{"@type":"PropertyValueSpecification","valueRequired":true,"valueName":"search_term_string"}}],"inLanguage":"fr-FR"}]}},"_links":{"self":[{"href":"https:\/\/www.kiwiconstruction.fr\/fr\/wp-json\/wp\/v2\/pages\/2723","targetHints":{"allow":["GET"]}}],"collection":[{"href":"https:\/\/www.kiwiconstruction.fr\/fr\/wp-json\/wp\/v2\/pages"}],"about":[{"href":"https:\/\/www.kiwiconstruction.fr\/fr\/wp-json\/wp\/v2\/types\/page"}],"author":[{"embeddable":true,"href":"https:\/\/www.kiwiconstruction.fr\/fr\/wp-json\/wp\/v2\/users\/1"}],"replies":[{"embeddable":true,"href":"https:\/\/www.kiwiconstruction.fr\/fr\/wp-json\/wp\/v2\/comments?post=2723"}],"version-history":[{"count":8,"href":"https:\/\/www.kiwiconstruction.fr\/fr\/wp-json\/wp\/v2\/pages\/2723\/revisions"}],"predecessor-version":[{"id":3080,"href":"https:\/\/www.kiwiconstruction.fr\/fr\/wp-json\/wp\/v2\/pages\/2723\/revisions\/3080"}],"up":[{"embeddable":true,"href":"https:\/\/www.kiwiconstruction.fr\/fr\/wp-json\/wp\/v2\/pages\/2908"}],"wp:featuredmedia":[{"embeddable":true,"href":"https:\/\/www.kiwiconstruction.fr\/fr\/wp-json\/wp\/v2\/media\/2364"}],"wp:attachment":[{"href":"https:\/\/www.kiwiconstruction.fr\/fr\/wp-json\/wp\/v2\/media?parent=2723"}],"curies":[{"name":"wp","href":"https:\/\/api.w.org\/{rel}","templated":true}]}}