{"id":2720,"date":"2016-06-06T15:31:53","date_gmt":"2016-06-06T15:31:53","guid":{"rendered":"https:\/\/www.kiwiconstruction.fr\/fr\/kitchens"},"modified":"2016-06-17T07:57:00","modified_gmt":"2016-06-17T07:57:00","slug":"cuisines","status":"publish","type":"page","link":"https:\/\/www.kiwiconstruction.fr\/fr\/nos-services\/cuisines","title":{"rendered":"Cuisines"},"content":{"rendered":"<div id=\"pl-2720\"  class=\"panel-layout\" ><div id=\"pg-2720-0\"  class=\"panel-grid panel-no-style\" ><div id=\"pgc-2720-0-0\"  class=\"panel-grid-cell\" ><div id=\"panel-2720-0-0-0\" class=\"so-panel widget widget_black-studio-tinymce widget_black_studio_tinymce panel-first-child panel-last-child\" data-index=\"0\" ><h3 class=\"widget-title\">Cuisines<\/h3><div class=\"textwidget\"><p style=\"line-height: 15.75pt; background: white;\"><span style=\"font-size: 10.5pt; font-family: 'Source Sans Pro',sans-serif; color: black;\">Nous pouvons r\u00e9aliser des projets de remodelage complexes de cuisine qui correspondent \u00e0 votre style. Nous pouvons vous aider \u00e0 faire de simples am\u00e9liorations ou r\u00e9nover enti\u00e8rement votre cuisine, pour cr\u00e9er l\u2019espace de vos r\u00eaves\u00a0!<\/span><\/p>\n<\/div><\/div><\/div><div id=\"pgc-2720-0-1\"  class=\"panel-grid-cell\" ><div id=\"panel-2720-0-1-0\" class=\"so-panel widget widget_black-studio-tinymce widget_black_studio_tinymce panel-first-child panel-last-child\" data-index=\"1\" ><div class=\"textwidget\"><p><img fetchpriority=\"high\" decoding=\"async\" class=\"alignnone  wp-image-2326\" src=\"https:\/\/www.kiwiconstruction.fr\/wp-content\/uploads\/2016\/06\/DSC03704-1-1024x768-300x225.jpg\" alt=\"kitchens south west france\" width=\"496\" height=\"372\" srcset=\"https:\/\/www.kiwiconstruction.fr\/wp-content\/uploads\/2016\/06\/DSC03704-1-1024x768-300x225.jpg 300w, https:\/\/www.kiwiconstruction.fr\/wp-content\/uploads\/2016\/06\/DSC03704-1-1024x768-768x576.jpg 768w, https:\/\/www.kiwiconstruction.fr\/wp-content\/uploads\/2016\/06\/DSC03704-1-1024x768.jpg 1024w, https:\/\/www.kiwiconstruction.fr\/wp-content\/uploads\/2016\/06\/DSC03704-1-1024x768-555x416.jpg 555w, https:\/\/www.kiwiconstruction.fr\/wp-content\/uploads\/2016\/06\/DSC03704-1-1024x768-100x75.jpg 100w\" sizes=\"(max-width: 496px) 100vw, 496px\" \/><\/p>\n<p><img decoding=\"async\" class=\"alignnone  wp-image-2361\" src=\"https:\/\/www.kiwiconstruction.fr\/wp-content\/uploads\/2016\/06\/DSC03703-1024x768-300x225.jpg\" alt=\"DSC03703-1024x768\" width=\"492\" height=\"369\" srcset=\"https:\/\/www.kiwiconstruction.fr\/wp-content\/uploads\/2016\/06\/DSC03703-1024x768-300x225.jpg 300w, https:\/\/www.kiwiconstruction.fr\/wp-content\/uploads\/2016\/06\/DSC03703-1024x768-768x576.jpg 768w, https:\/\/www.kiwiconstruction.fr\/wp-content\/uploads\/2016\/06\/DSC03703-1024x768.jpg 1024w, https:\/\/www.kiwiconstruction.fr\/wp-content\/uploads\/2016\/06\/DSC03703-1024x768-555x416.jpg 555w, https:\/\/www.kiwiconstruction.fr\/wp-content\/uploads\/2016\/06\/DSC03703-1024x768-100x75.jpg 100w\" sizes=\"(max-width: 492px) 100vw, 492px\" \/><\/p>\n<\/div><\/div><\/div><\/div><\/div>","protected":false},"excerpt":{"rendered":"<p>Nous pouvons r\u00e9aliser des projets de remodelage complexes de cuisine qui correspondent \u00e0 votre style.<\/p>\n","protected":false},"author":1,"featured_media":2326,"parent":2908,"menu_order":0,"comment_status":"closed","ping_status":"closed","template":"","meta":{"_acf_changed":false,"ngg_post_thumbnail":0,"footnotes":""},"class_list":["post-2720","page","type-page","status-publish","has-post-thumbnail","hentry"],"acf":[],"yoast_head":"<!-- This site is optimized with the Yoast SEO plugin v27.4 - https:\/\/yoast.com\/product\/yoast-seo-wordpress\/ -->\n<title>Cuisines - Kiwi Construction<\/title>\n<meta name=\"robots\" content=\"index, follow, max-snippet:-1, max-image-preview:large, max-video-preview:-1\" \/>\n<link rel=\"canonical\" href=\"https:\/\/www.kiwiconstruction.fr\/fr\/nos-services\/cuisines\" \/>\n<meta property=\"og:locale\" content=\"fr_FR\" \/>\n<meta property=\"og:type\" content=\"article\" \/>\n<meta property=\"og:title\" content=\"Cuisines - Kiwi Construction\" \/>\n<meta property=\"og:description\" content=\"Nous pouvons r\u00e9aliser des projets de remodelage complexes de cuisine qui correspondent \u00e0 votre style.\" \/>\n<meta property=\"og:url\" content=\"https:\/\/www.kiwiconstruction.fr\/fr\/nos-services\/cuisines\" \/>\n<meta property=\"og:site_name\" content=\"Kiwi Construction\" \/>\n<meta property=\"article:modified_time\" content=\"2016-06-17T07:57:00+00:00\" \/>\n<meta property=\"og:image\" content=\"https:\/\/www.kiwiconstruction.fr\/wp-content\/uploads\/2016\/06\/DSC03704-1-1024x768.jpg\" \/>\n\t<meta property=\"og:image:width\" content=\"1024\" \/>\n\t<meta property=\"og:image:height\" content=\"768\" \/>\n\t<meta property=\"og:image:type\" content=\"image\/jpeg\" \/>\n<meta name=\"twitter:card\" content=\"summary_large_image\" \/>\n<script type=\"application\/ld+json\" class=\"yoast-schema-graph\">{\"@context\":\"https:\\\/\\\/schema.org\",\"@graph\":[{\"@type\":\"WebPage\",\"@id\":\"https:\\\/\\\/www.kiwiconstruction.fr\\\/fr\\\/nos-services\\\/cuisines\",\"url\":\"https:\\\/\\\/www.kiwiconstruction.fr\\\/fr\\\/nos-services\\\/cuisines\",\"name\":\"Cuisines - Kiwi Construction\",\"isPartOf\":{\"@id\":\"https:\\\/\\\/www.kiwiconstruction.fr\\\/#website\"},\"primaryImageOfPage\":{\"@id\":\"https:\\\/\\\/www.kiwiconstruction.fr\\\/fr\\\/nos-services\\\/cuisines#primaryimage\"},\"image\":{\"@id\":\"https:\\\/\\\/www.kiwiconstruction.fr\\\/fr\\\/nos-services\\\/cuisines#primaryimage\"},\"thumbnailUrl\":\"https:\\\/\\\/www.kiwiconstruction.fr\\\/wp-content\\\/uploads\\\/2016\\\/06\\\/DSC03704-1-1024x768.jpg\",\"datePublished\":\"2016-06-06T15:31:53+00:00\",\"dateModified\":\"2016-06-17T07:57:00+00:00\",\"breadcrumb\":{\"@id\":\"https:\\\/\\\/www.kiwiconstruction.fr\\\/fr\\\/nos-services\\\/cuisines#breadcrumb\"},\"inLanguage\":\"fr-FR\",\"potentialAction\":[{\"@type\":\"ReadAction\",\"target\":[\"https:\\\/\\\/www.kiwiconstruction.fr\\\/fr\\\/nos-services\\\/cuisines\"]}]},{\"@type\":\"ImageObject\",\"inLanguage\":\"fr-FR\",\"@id\":\"https:\\\/\\\/www.kiwiconstruction.fr\\\/fr\\\/nos-services\\\/cuisines#primaryimage\",\"url\":\"https:\\\/\\\/www.kiwiconstruction.fr\\\/wp-content\\\/uploads\\\/2016\\\/06\\\/DSC03704-1-1024x768.jpg\",\"contentUrl\":\"https:\\\/\\\/www.kiwiconstruction.fr\\\/wp-content\\\/uploads\\\/2016\\\/06\\\/DSC03704-1-1024x768.jpg\",\"width\":1024,\"height\":768},{\"@type\":\"BreadcrumbList\",\"@id\":\"https:\\\/\\\/www.kiwiconstruction.fr\\\/fr\\\/nos-services\\\/cuisines#breadcrumb\",\"itemListElement\":[{\"@type\":\"ListItem\",\"position\":1,\"name\":\"Home\",\"item\":\"https:\\\/\\\/www.kiwiconstruction.fr\\\/fr\"},{\"@type\":\"ListItem\",\"position\":2,\"name\":\"Nos Services\",\"item\":\"https:\\\/\\\/www.kiwiconstruction.fr\\\/fr\\\/nos-services\"},{\"@type\":\"ListItem\",\"position\":3,\"name\":\"Cuisines\"}]},{\"@type\":\"WebSite\",\"@id\":\"https:\\\/\\\/www.kiwiconstruction.fr\\\/#website\",\"url\":\"https:\\\/\\\/www.kiwiconstruction.fr\\\/\",\"name\":\"Kiwi Construction\",\"description\":\"Making the impossible, possible!\",\"potentialAction\":[{\"@type\":\"SearchAction\",\"target\":{\"@type\":\"EntryPoint\",\"urlTemplate\":\"https:\\\/\\\/www.kiwiconstruction.fr\\\/?s={search_term_string}\"},\"query-input\":{\"@type\":\"PropertyValueSpecification\",\"valueRequired\":true,\"valueName\":\"search_term_string\"}}],\"inLanguage\":\"fr-FR\"}]}<\/script>\n<!-- \/ Yoast SEO plugin. -->","yoast_head_json":{"title":"Cuisines - Kiwi Construction","robots":{"index":"index","follow":"follow","max-snippet":"max-snippet:-1","max-image-preview":"max-image-preview:large","max-video-preview":"max-video-preview:-1"},"canonical":"https:\/\/www.kiwiconstruction.fr\/fr\/nos-services\/cuisines","og_locale":"fr_FR","og_type":"article","og_title":"Cuisines - Kiwi Construction","og_description":"Nous pouvons r\u00e9aliser des projets de remodelage complexes de cuisine qui correspondent \u00e0 votre style.","og_url":"https:\/\/www.kiwiconstruction.fr\/fr\/nos-services\/cuisines","og_site_name":"Kiwi Construction","article_modified_time":"2016-06-17T07:57:00+00:00","og_image":[{"width":1024,"height":768,"url":"https:\/\/www.kiwiconstruction.fr\/wp-content\/uploads\/2016\/06\/DSC03704-1-1024x768.jpg","type":"image\/jpeg"}],"twitter_card":"summary_large_image","schema":{"@context":"https:\/\/schema.org","@graph":[{"@type":"WebPage","@id":"https:\/\/www.kiwiconstruction.fr\/fr\/nos-services\/cuisines","url":"https:\/\/www.kiwiconstruction.fr\/fr\/nos-services\/cuisines","name":"Cuisines - Kiwi Construction","isPartOf":{"@id":"https:\/\/www.kiwiconstruction.fr\/#website"},"primaryImageOfPage":{"@id":"https:\/\/www.kiwiconstruction.fr\/fr\/nos-services\/cuisines#primaryimage"},"image":{"@id":"https:\/\/www.kiwiconstruction.fr\/fr\/nos-services\/cuisines#primaryimage"},"thumbnailUrl":"https:\/\/www.kiwiconstruction.fr\/wp-content\/uploads\/2016\/06\/DSC03704-1-1024x768.jpg","datePublished":"2016-06-06T15:31:53+00:00","dateModified":"2016-06-17T07:57:00+00:00","breadcrumb":{"@id":"https:\/\/www.kiwiconstruction.fr\/fr\/nos-services\/cuisines#breadcrumb"},"inLanguage":"fr-FR","potentialAction":[{"@type":"ReadAction","target":["https:\/\/www.kiwiconstruction.fr\/fr\/nos-services\/cuisines"]}]},{"@type":"ImageObject","inLanguage":"fr-FR","@id":"https:\/\/www.kiwiconstruction.fr\/fr\/nos-services\/cuisines#primaryimage","url":"https:\/\/www.kiwiconstruction.fr\/wp-content\/uploads\/2016\/06\/DSC03704-1-1024x768.jpg","contentUrl":"https:\/\/www.kiwiconstruction.fr\/wp-content\/uploads\/2016\/06\/DSC03704-1-1024x768.jpg","width":1024,"height":768},{"@type":"BreadcrumbList","@id":"https:\/\/www.kiwiconstruction.fr\/fr\/nos-services\/cuisines#breadcrumb","itemListElement":[{"@type":"ListItem","position":1,"name":"Home","item":"https:\/\/www.kiwiconstruction.fr\/fr"},{"@type":"ListItem","position":2,"name":"Nos Services","item":"https:\/\/www.kiwiconstruction.fr\/fr\/nos-services"},{"@type":"ListItem","position":3,"name":"Cuisines"}]},{"@type":"WebSite","@id":"https:\/\/www.kiwiconstruction.fr\/#website","url":"https:\/\/www.kiwiconstruction.fr\/","name":"Kiwi Construction","description":"Making the impossible, possible!","potentialAction":[{"@type":"SearchAction","target":{"@type":"EntryPoint","urlTemplate":"https:\/\/www.kiwiconstruction.fr\/?s={search_term_string}"},"query-input":{"@type":"PropertyValueSpecification","valueRequired":true,"valueName":"search_term_string"}}],"inLanguage":"fr-FR"}]}},"_links":{"self":[{"href":"https:\/\/www.kiwiconstruction.fr\/fr\/wp-json\/wp\/v2\/pages\/2720","targetHints":{"allow":["GET"]}}],"collection":[{"href":"https:\/\/www.kiwiconstruction.fr\/fr\/wp-json\/wp\/v2\/pages"}],"about":[{"href":"https:\/\/www.kiwiconstruction.fr\/fr\/wp-json\/wp\/v2\/types\/page"}],"author":[{"embeddable":true,"href":"https:\/\/www.kiwiconstruction.fr\/fr\/wp-json\/wp\/v2\/users\/1"}],"replies":[{"embeddable":true,"href":"https:\/\/www.kiwiconstruction.fr\/fr\/wp-json\/wp\/v2\/comments?post=2720"}],"version-history":[{"count":4,"href":"https:\/\/www.kiwiconstruction.fr\/fr\/wp-json\/wp\/v2\/pages\/2720\/revisions"}],"predecessor-version":[{"id":3077,"href":"https:\/\/www.kiwiconstruction.fr\/fr\/wp-json\/wp\/v2\/pages\/2720\/revisions\/3077"}],"up":[{"embeddable":true,"href":"https:\/\/www.kiwiconstruction.fr\/fr\/wp-json\/wp\/v2\/pages\/2908"}],"wp:featuredmedia":[{"embeddable":true,"href":"https:\/\/www.kiwiconstruction.fr\/fr\/wp-json\/wp\/v2\/media\/2326"}],"wp:attachment":[{"href":"https:\/\/www.kiwiconstruction.fr\/fr\/wp-json\/wp\/v2\/media?parent=2720"}],"curies":[{"name":"wp","href":"https:\/\/api.w.org\/{rel}","templated":true}]}}