{"id":2718,"date":"2014-10-23T09:15:25","date_gmt":"2014-10-23T09:15:25","guid":{"rendered":"https:\/\/www.kiwiconstruction.fr\/fr\/electricity"},"modified":"2016-06-17T07:57:21","modified_gmt":"2016-06-17T07:57:21","slug":"electricite","status":"publish","type":"page","link":"https:\/\/www.kiwiconstruction.fr\/fr\/nos-services\/electricite","title":{"rendered":"\u00c9lectricit\u00e9"},"content":{"rendered":"<div id=\"pl-2718\"  class=\"panel-layout\" ><div id=\"pg-2718-0\"  class=\"panel-grid panel-no-style\" ><div id=\"pgc-2718-0-0\"  class=\"panel-grid-cell\" ><div id=\"panel-2718-0-0-0\" class=\"so-panel widget widget_black-studio-tinymce widget_black_studio_tinymce panel-first-child panel-last-child\" data-index=\"0\" ><h3 class=\"widget-title\">\u00c9lectricit\u00e9<\/h3><div class=\"textwidget\"><p style=\"line-height: 15.75pt; background: white;\"><span style=\"font-size: 10.5pt; font-family: 'Source Sans Pro',sans-serif; color: black;\">Notre division Electricit\u00e9 peut s\u2019occuper du c\u00e2blage ou re-c\u00e2blage de votre projet selon les normes fran\u00e7aises.<\/span><\/p>\n<p style=\"line-height: 15.75pt; background: white;\"><span style=\"font-size: 10.5pt; font-family: 'Source Sans Pro',sans-serif; color: black;\">Pour les nouvelles constructions, nous g\u00e9rons 3 phases temporaires sur le site, si n\u00e9cessaire. Nous pouvons nous occuper des d\u00e9marches administratives pour la mise en place d\u2019\u00e9lectricit\u00e9, si vous n\u2019\u00eates pas encore reli\u00e9 ou si vous souhaitez modifier votre alimentation \u00e9lectrique. Une fois l'installation termin\u00e9e, nous pouvons vous aider avec les documents \"consensuels\" qui attestent que votre bien est correctement reli\u00e9 au r\u00e9seau et qui engage notre assurance.<\/span><\/p>\n<\/div><\/div><\/div><div id=\"pgc-2718-0-1\"  class=\"panel-grid-cell\" ><div id=\"panel-2718-0-1-0\" class=\"so-panel widget widget_black-studio-tinymce widget_black_studio_tinymce panel-first-child panel-last-child\" data-index=\"1\" ><div class=\"textwidget\"><p><img fetchpriority=\"high\" decoding=\"async\" class=\"alignnone  wp-image-2325\" src=\"https:\/\/www.kiwiconstruction.fr\/wp-content\/uploads\/2014\/10\/13308296_554976744705354_8303259280136385146_o-300x200.jpg\" alt=\"electrician south west france\" width=\"461\" height=\"307\" srcset=\"https:\/\/www.kiwiconstruction.fr\/wp-content\/uploads\/2014\/10\/13308296_554976744705354_8303259280136385146_o-300x200.jpg 300w, https:\/\/www.kiwiconstruction.fr\/wp-content\/uploads\/2014\/10\/13308296_554976744705354_8303259280136385146_o-768x512.jpg 768w, https:\/\/www.kiwiconstruction.fr\/wp-content\/uploads\/2014\/10\/13308296_554976744705354_8303259280136385146_o-1024x682.jpg 1024w, https:\/\/www.kiwiconstruction.fr\/wp-content\/uploads\/2014\/10\/13308296_554976744705354_8303259280136385146_o-360x240.jpg 360w, https:\/\/www.kiwiconstruction.fr\/wp-content\/uploads\/2014\/10\/13308296_554976744705354_8303259280136385146_o-555x370.jpg 555w, https:\/\/www.kiwiconstruction.fr\/wp-content\/uploads\/2014\/10\/13308296_554976744705354_8303259280136385146_o.jpg 1688w\" sizes=\"(max-width: 461px) 100vw, 461px\" \/><\/p>\n<p><img decoding=\"async\" class=\"alignnone  wp-image-2354\" src=\"https:\/\/www.kiwiconstruction.fr\/wp-content\/uploads\/2014\/10\/DSC03767-1-225x300.jpg\" alt=\"DSC03767-1\" width=\"350\" height=\"466\" srcset=\"https:\/\/www.kiwiconstruction.fr\/wp-content\/uploads\/2014\/10\/DSC03767-1-225x300.jpg 225w, https:\/\/www.kiwiconstruction.fr\/wp-content\/uploads\/2014\/10\/DSC03767-1-416x555.jpg 416w, https:\/\/www.kiwiconstruction.fr\/wp-content\/uploads\/2014\/10\/DSC03767-1.jpg 765w\" sizes=\"(max-width: 350px) 100vw, 350px\" \/><\/p>\n<\/div><\/div><\/div><\/div><\/div>","protected":false},"excerpt":{"rendered":"<p>Notre division Electricit\u00e9 peut s\u2019occuper du c\u00e2blage ou re-c\u00e2blage de votre projet selon les normes fran\u00e7aises.<\/p>\n","protected":false},"author":1,"featured_media":2325,"parent":2908,"menu_order":0,"comment_status":"closed","ping_status":"closed","template":"","meta":{"_acf_changed":false,"ngg_post_thumbnail":0,"footnotes":""},"class_list":["post-2718","page","type-page","status-publish","has-post-thumbnail","hentry"],"acf":[],"yoast_head":"<!-- This site is optimized with the Yoast SEO plugin v27.4 - https:\/\/yoast.com\/product\/yoast-seo-wordpress\/ -->\n<title>\u00c9lectricit\u00e9 - Kiwi Construction<\/title>\n<meta name=\"robots\" content=\"index, follow, max-snippet:-1, max-image-preview:large, max-video-preview:-1\" \/>\n<link rel=\"canonical\" href=\"https:\/\/www.kiwiconstruction.fr\/fr\/nos-services\/electricite\" \/>\n<meta property=\"og:locale\" content=\"fr_FR\" \/>\n<meta property=\"og:type\" content=\"article\" \/>\n<meta property=\"og:title\" content=\"\u00c9lectricit\u00e9 - Kiwi Construction\" \/>\n<meta property=\"og:description\" content=\"Notre division Electricit\u00e9 peut s\u2019occuper du c\u00e2blage ou re-c\u00e2blage de votre projet selon les normes fran\u00e7aises.\" \/>\n<meta property=\"og:url\" content=\"https:\/\/www.kiwiconstruction.fr\/fr\/nos-services\/electricite\" \/>\n<meta property=\"og:site_name\" content=\"Kiwi Construction\" \/>\n<meta property=\"article:modified_time\" content=\"2016-06-17T07:57:21+00:00\" \/>\n<meta property=\"og:image\" content=\"https:\/\/www.kiwiconstruction.fr\/wp-content\/uploads\/2014\/10\/13308296_554976744705354_8303259280136385146_o.jpg\" \/>\n\t<meta property=\"og:image:width\" content=\"1688\" \/>\n\t<meta property=\"og:image:height\" content=\"1125\" \/>\n\t<meta property=\"og:image:type\" content=\"image\/jpeg\" \/>\n<meta name=\"twitter:card\" content=\"summary_large_image\" \/>\n<script type=\"application\/ld+json\" class=\"yoast-schema-graph\">{\"@context\":\"https:\\\/\\\/schema.org\",\"@graph\":[{\"@type\":\"WebPage\",\"@id\":\"https:\\\/\\\/www.kiwiconstruction.fr\\\/fr\\\/nos-services\\\/electricite\",\"url\":\"https:\\\/\\\/www.kiwiconstruction.fr\\\/fr\\\/nos-services\\\/electricite\",\"name\":\"\u00c9lectricit\u00e9 - Kiwi Construction\",\"isPartOf\":{\"@id\":\"https:\\\/\\\/www.kiwiconstruction.fr\\\/#website\"},\"primaryImageOfPage\":{\"@id\":\"https:\\\/\\\/www.kiwiconstruction.fr\\\/fr\\\/nos-services\\\/electricite#primaryimage\"},\"image\":{\"@id\":\"https:\\\/\\\/www.kiwiconstruction.fr\\\/fr\\\/nos-services\\\/electricite#primaryimage\"},\"thumbnailUrl\":\"https:\\\/\\\/www.kiwiconstruction.fr\\\/wp-content\\\/uploads\\\/2014\\\/10\\\/13308296_554976744705354_8303259280136385146_o.jpg\",\"datePublished\":\"2014-10-23T09:15:25+00:00\",\"dateModified\":\"2016-06-17T07:57:21+00:00\",\"breadcrumb\":{\"@id\":\"https:\\\/\\\/www.kiwiconstruction.fr\\\/fr\\\/nos-services\\\/electricite#breadcrumb\"},\"inLanguage\":\"fr-FR\",\"potentialAction\":[{\"@type\":\"ReadAction\",\"target\":[\"https:\\\/\\\/www.kiwiconstruction.fr\\\/fr\\\/nos-services\\\/electricite\"]}]},{\"@type\":\"ImageObject\",\"inLanguage\":\"fr-FR\",\"@id\":\"https:\\\/\\\/www.kiwiconstruction.fr\\\/fr\\\/nos-services\\\/electricite#primaryimage\",\"url\":\"https:\\\/\\\/www.kiwiconstruction.fr\\\/wp-content\\\/uploads\\\/2014\\\/10\\\/13308296_554976744705354_8303259280136385146_o.jpg\",\"contentUrl\":\"https:\\\/\\\/www.kiwiconstruction.fr\\\/wp-content\\\/uploads\\\/2014\\\/10\\\/13308296_554976744705354_8303259280136385146_o.jpg\",\"width\":1688,\"height\":1125},{\"@type\":\"BreadcrumbList\",\"@id\":\"https:\\\/\\\/www.kiwiconstruction.fr\\\/fr\\\/nos-services\\\/electricite#breadcrumb\",\"itemListElement\":[{\"@type\":\"ListItem\",\"position\":1,\"name\":\"Home\",\"item\":\"https:\\\/\\\/www.kiwiconstruction.fr\\\/fr\"},{\"@type\":\"ListItem\",\"position\":2,\"name\":\"Nos Services\",\"item\":\"https:\\\/\\\/www.kiwiconstruction.fr\\\/fr\\\/nos-services\"},{\"@type\":\"ListItem\",\"position\":3,\"name\":\"\u00c9lectricit\u00e9\"}]},{\"@type\":\"WebSite\",\"@id\":\"https:\\\/\\\/www.kiwiconstruction.fr\\\/#website\",\"url\":\"https:\\\/\\\/www.kiwiconstruction.fr\\\/\",\"name\":\"Kiwi Construction\",\"description\":\"Making the impossible, possible!\",\"potentialAction\":[{\"@type\":\"SearchAction\",\"target\":{\"@type\":\"EntryPoint\",\"urlTemplate\":\"https:\\\/\\\/www.kiwiconstruction.fr\\\/?s={search_term_string}\"},\"query-input\":{\"@type\":\"PropertyValueSpecification\",\"valueRequired\":true,\"valueName\":\"search_term_string\"}}],\"inLanguage\":\"fr-FR\"}]}<\/script>\n<!-- \/ Yoast SEO plugin. -->","yoast_head_json":{"title":"\u00c9lectricit\u00e9 - Kiwi Construction","robots":{"index":"index","follow":"follow","max-snippet":"max-snippet:-1","max-image-preview":"max-image-preview:large","max-video-preview":"max-video-preview:-1"},"canonical":"https:\/\/www.kiwiconstruction.fr\/fr\/nos-services\/electricite","og_locale":"fr_FR","og_type":"article","og_title":"\u00c9lectricit\u00e9 - Kiwi Construction","og_description":"Notre division Electricit\u00e9 peut s\u2019occuper du c\u00e2blage ou re-c\u00e2blage de votre projet selon les normes fran\u00e7aises.","og_url":"https:\/\/www.kiwiconstruction.fr\/fr\/nos-services\/electricite","og_site_name":"Kiwi Construction","article_modified_time":"2016-06-17T07:57:21+00:00","og_image":[{"width":1688,"height":1125,"url":"https:\/\/www.kiwiconstruction.fr\/wp-content\/uploads\/2014\/10\/13308296_554976744705354_8303259280136385146_o.jpg","type":"image\/jpeg"}],"twitter_card":"summary_large_image","schema":{"@context":"https:\/\/schema.org","@graph":[{"@type":"WebPage","@id":"https:\/\/www.kiwiconstruction.fr\/fr\/nos-services\/electricite","url":"https:\/\/www.kiwiconstruction.fr\/fr\/nos-services\/electricite","name":"\u00c9lectricit\u00e9 - Kiwi Construction","isPartOf":{"@id":"https:\/\/www.kiwiconstruction.fr\/#website"},"primaryImageOfPage":{"@id":"https:\/\/www.kiwiconstruction.fr\/fr\/nos-services\/electricite#primaryimage"},"image":{"@id":"https:\/\/www.kiwiconstruction.fr\/fr\/nos-services\/electricite#primaryimage"},"thumbnailUrl":"https:\/\/www.kiwiconstruction.fr\/wp-content\/uploads\/2014\/10\/13308296_554976744705354_8303259280136385146_o.jpg","datePublished":"2014-10-23T09:15:25+00:00","dateModified":"2016-06-17T07:57:21+00:00","breadcrumb":{"@id":"https:\/\/www.kiwiconstruction.fr\/fr\/nos-services\/electricite#breadcrumb"},"inLanguage":"fr-FR","potentialAction":[{"@type":"ReadAction","target":["https:\/\/www.kiwiconstruction.fr\/fr\/nos-services\/electricite"]}]},{"@type":"ImageObject","inLanguage":"fr-FR","@id":"https:\/\/www.kiwiconstruction.fr\/fr\/nos-services\/electricite#primaryimage","url":"https:\/\/www.kiwiconstruction.fr\/wp-content\/uploads\/2014\/10\/13308296_554976744705354_8303259280136385146_o.jpg","contentUrl":"https:\/\/www.kiwiconstruction.fr\/wp-content\/uploads\/2014\/10\/13308296_554976744705354_8303259280136385146_o.jpg","width":1688,"height":1125},{"@type":"BreadcrumbList","@id":"https:\/\/www.kiwiconstruction.fr\/fr\/nos-services\/electricite#breadcrumb","itemListElement":[{"@type":"ListItem","position":1,"name":"Home","item":"https:\/\/www.kiwiconstruction.fr\/fr"},{"@type":"ListItem","position":2,"name":"Nos Services","item":"https:\/\/www.kiwiconstruction.fr\/fr\/nos-services"},{"@type":"ListItem","position":3,"name":"\u00c9lectricit\u00e9"}]},{"@type":"WebSite","@id":"https:\/\/www.kiwiconstruction.fr\/#website","url":"https:\/\/www.kiwiconstruction.fr\/","name":"Kiwi Construction","description":"Making the impossible, possible!","potentialAction":[{"@type":"SearchAction","target":{"@type":"EntryPoint","urlTemplate":"https:\/\/www.kiwiconstruction.fr\/?s={search_term_string}"},"query-input":{"@type":"PropertyValueSpecification","valueRequired":true,"valueName":"search_term_string"}}],"inLanguage":"fr-FR"}]}},"_links":{"self":[{"href":"https:\/\/www.kiwiconstruction.fr\/fr\/wp-json\/wp\/v2\/pages\/2718","targetHints":{"allow":["GET"]}}],"collection":[{"href":"https:\/\/www.kiwiconstruction.fr\/fr\/wp-json\/wp\/v2\/pages"}],"about":[{"href":"https:\/\/www.kiwiconstruction.fr\/fr\/wp-json\/wp\/v2\/types\/page"}],"author":[{"embeddable":true,"href":"https:\/\/www.kiwiconstruction.fr\/fr\/wp-json\/wp\/v2\/users\/1"}],"replies":[{"embeddable":true,"href":"https:\/\/www.kiwiconstruction.fr\/fr\/wp-json\/wp\/v2\/comments?post=2718"}],"version-history":[{"count":4,"href":"https:\/\/www.kiwiconstruction.fr\/fr\/wp-json\/wp\/v2\/pages\/2718\/revisions"}],"predecessor-version":[{"id":3078,"href":"https:\/\/www.kiwiconstruction.fr\/fr\/wp-json\/wp\/v2\/pages\/2718\/revisions\/3078"}],"up":[{"embeddable":true,"href":"https:\/\/www.kiwiconstruction.fr\/fr\/wp-json\/wp\/v2\/pages\/2908"}],"wp:featuredmedia":[{"embeddable":true,"href":"https:\/\/www.kiwiconstruction.fr\/fr\/wp-json\/wp\/v2\/media\/2325"}],"wp:attachment":[{"href":"https:\/\/www.kiwiconstruction.fr\/fr\/wp-json\/wp\/v2\/media?parent=2718"}],"curies":[{"name":"wp","href":"https:\/\/api.w.org\/{rel}","templated":true}]}}