{"id":2712,"date":"2014-10-23T09:24:42","date_gmt":"2014-10-23T09:24:42","guid":{"rendered":"https:\/\/www.kiwiconstruction.fr\/fr\/building-permits"},"modified":"2016-06-17T07:58:52","modified_gmt":"2016-06-17T07:58:52","slug":"permis-de-construire","status":"publish","type":"page","link":"https:\/\/www.kiwiconstruction.fr\/fr\/nos-services\/permis-de-construire","title":{"rendered":"Permis de construire"},"content":{"rendered":"<div id=\"pl-2712\"  class=\"panel-layout\" ><div id=\"pg-2712-0\"  class=\"panel-grid panel-no-style\" ><div id=\"pgc-2712-0-0\"  class=\"panel-grid-cell\" ><div id=\"panel-2712-0-0-0\" class=\"so-panel widget widget_black-studio-tinymce widget_black_studio_tinymce panel-first-child panel-last-child\" data-index=\"0\" ><h3 class=\"widget-title\">Permis de Construire<\/h3><div class=\"textwidget\"><p>Avant de commencer les travaux, vous aurez besoin d\u2019un permis de construire pour lequel il faudra adresser une demande aupr\u00e8s de votre mairie. Kiwi Construction a pr\u00e9sent\u00e9 de nombreux dossiers pour le compte de ses clients au fil des ans. Nous comprenons le syst\u00e8me et les pr\u00e9requis.<\/p>\n<p>Vous aurez besoin d'un permis de construire, dans les circonstances suivantes :<\/p>\n<p>- Les nouvelles constructions (\u00e0 l'exception des hangars &lt;5m\u00b2 et piscines &lt;10m\u00b2 qui n\u00e9cessitent simplement une d\u00e9claration pr\u00e9alable de travaux).<br \/>- R\u00e9novation o\u00f9 les travaux vont augmenter la surface d'au moins 20m\u00b2.<br \/>- Si le projet de construction est &gt; 170m\u00b2, la participation d'un architecte est obligatoire. A Kiwi Construction , nous avons un r\u00e9seau d'architectes , que nous pouvons vous pr\u00e9senter.<\/p>\n<p><span style=\"line-height: 1.5;\">.<\/span><\/p>\n<\/div><\/div><\/div><div id=\"pgc-2712-0-1\"  class=\"panel-grid-cell\" ><div id=\"panel-2712-0-1-0\" class=\"so-panel widget widget_black-studio-tinymce widget_black_studio_tinymce panel-first-child panel-last-child\" data-index=\"1\" ><div class=\"textwidget\"><p>\u00a0<\/p>\n<p><img fetchpriority=\"high\" decoding=\"async\" class=\"alignnone  wp-image-2295\" src=\"https:\/\/www.kiwiconstruction.fr\/wp-content\/uploads\/2014\/10\/PLanning-1024x689.jpg\" alt=\"PLanning-1024x689\" width=\"527\" height=\"355\" srcset=\"https:\/\/www.kiwiconstruction.fr\/wp-content\/uploads\/2014\/10\/PLanning-1024x689.jpg 1024w, https:\/\/www.kiwiconstruction.fr\/wp-content\/uploads\/2014\/10\/PLanning-1024x689-300x202.jpg 300w, https:\/\/www.kiwiconstruction.fr\/wp-content\/uploads\/2014\/10\/PLanning-1024x689-768x517.jpg 768w, https:\/\/www.kiwiconstruction.fr\/wp-content\/uploads\/2014\/10\/PLanning-1024x689-555x373.jpg 555w\" sizes=\"(max-width: 527px) 100vw, 527px\" \/><\/p>\n<p><img decoding=\"async\" class=\"wp-image-2294 alignleft\" src=\"https:\/\/www.kiwiconstruction.fr\/wp-content\/uploads\/2014\/10\/planning2.jpg\" alt=\"planning2\" width=\"519\" height=\"348\" srcset=\"https:\/\/www.kiwiconstruction.fr\/wp-content\/uploads\/2014\/10\/planning2.jpg 1236w, https:\/\/www.kiwiconstruction.fr\/wp-content\/uploads\/2014\/10\/planning2-300x201.jpg 300w, https:\/\/www.kiwiconstruction.fr\/wp-content\/uploads\/2014\/10\/planning2-768x514.jpg 768w, https:\/\/www.kiwiconstruction.fr\/wp-content\/uploads\/2014\/10\/planning2-1024x686.jpg 1024w, https:\/\/www.kiwiconstruction.fr\/wp-content\/uploads\/2014\/10\/planning2-360x240.jpg 360w, https:\/\/www.kiwiconstruction.fr\/wp-content\/uploads\/2014\/10\/planning2-555x372.jpg 555w\" sizes=\"(max-width: 519px) 100vw, 519px\" \/><\/p>\n<p>\u00a0<\/p>\n<p>\u00a0<\/p>\n<p>\u00a0<\/p>\n<p>\u00a0<\/p>\n<\/div><\/div><\/div><\/div><\/div>","protected":false},"excerpt":{"rendered":"<p>Avant de commencer les travaux, vous aurez besoin d\u2019un permis de construire pour lequel il faudra adresser une demande aupr\u00e8s de votre mairie. Kiwi Construction a pr\u00e9sent\u00e9 de nombreux dossiers pour le compte de ses clients au fil des ans. Nous comprenons le syst\u00e8me et les pr\u00e9requis.<\/p>\n","protected":false},"author":1,"featured_media":2295,"parent":2908,"menu_order":0,"comment_status":"closed","ping_status":"closed","template":"","meta":{"_acf_changed":false,"ngg_post_thumbnail":0,"footnotes":""},"class_list":["post-2712","page","type-page","status-publish","has-post-thumbnail","hentry"],"acf":[],"yoast_head":"<!-- This site is optimized with the Yoast SEO plugin v27.4 - https:\/\/yoast.com\/product\/yoast-seo-wordpress\/ -->\n<title>Permis de construire - Kiwi Construction<\/title>\n<meta name=\"robots\" content=\"index, follow, max-snippet:-1, max-image-preview:large, max-video-preview:-1\" \/>\n<link rel=\"canonical\" href=\"https:\/\/www.kiwiconstruction.fr\/fr\/nos-services\/permis-de-construire\" \/>\n<meta property=\"og:locale\" content=\"fr_FR\" \/>\n<meta property=\"og:type\" content=\"article\" \/>\n<meta property=\"og:title\" content=\"Permis de construire - Kiwi Construction\" \/>\n<meta property=\"og:description\" content=\"Avant de commencer les travaux, vous aurez besoin d\u2019un permis de construire pour lequel il faudra adresser une demande aupr\u00e8s de votre mairie. Kiwi Construction a pr\u00e9sent\u00e9 de nombreux dossiers pour le compte de ses clients au fil des ans. Nous comprenons le syst\u00e8me et les pr\u00e9requis.\" \/>\n<meta property=\"og:url\" content=\"https:\/\/www.kiwiconstruction.fr\/fr\/nos-services\/permis-de-construire\" \/>\n<meta property=\"og:site_name\" content=\"Kiwi Construction\" \/>\n<meta property=\"article:modified_time\" content=\"2016-06-17T07:58:52+00:00\" \/>\n<meta property=\"og:image\" content=\"https:\/\/www.kiwiconstruction.fr\/wp-content\/uploads\/2014\/10\/PLanning-1024x689.jpg\" \/>\n\t<meta property=\"og:image:width\" content=\"1024\" \/>\n\t<meta property=\"og:image:height\" content=\"689\" \/>\n\t<meta property=\"og:image:type\" content=\"image\/jpeg\" \/>\n<meta name=\"twitter:card\" content=\"summary_large_image\" \/>\n<meta name=\"twitter:label1\" content=\"Dur\u00e9e de lecture estim\u00e9e\" \/>\n\t<meta name=\"twitter:data1\" content=\"1 minute\" \/>\n<script type=\"application\/ld+json\" class=\"yoast-schema-graph\">{\"@context\":\"https:\\\/\\\/schema.org\",\"@graph\":[{\"@type\":\"WebPage\",\"@id\":\"https:\\\/\\\/www.kiwiconstruction.fr\\\/fr\\\/nos-services\\\/permis-de-construire\",\"url\":\"https:\\\/\\\/www.kiwiconstruction.fr\\\/fr\\\/nos-services\\\/permis-de-construire\",\"name\":\"Permis de construire - Kiwi Construction\",\"isPartOf\":{\"@id\":\"https:\\\/\\\/www.kiwiconstruction.fr\\\/#website\"},\"primaryImageOfPage\":{\"@id\":\"https:\\\/\\\/www.kiwiconstruction.fr\\\/fr\\\/nos-services\\\/permis-de-construire#primaryimage\"},\"image\":{\"@id\":\"https:\\\/\\\/www.kiwiconstruction.fr\\\/fr\\\/nos-services\\\/permis-de-construire#primaryimage\"},\"thumbnailUrl\":\"https:\\\/\\\/www.kiwiconstruction.fr\\\/wp-content\\\/uploads\\\/2014\\\/10\\\/PLanning-1024x689.jpg\",\"datePublished\":\"2014-10-23T09:24:42+00:00\",\"dateModified\":\"2016-06-17T07:58:52+00:00\",\"breadcrumb\":{\"@id\":\"https:\\\/\\\/www.kiwiconstruction.fr\\\/fr\\\/nos-services\\\/permis-de-construire#breadcrumb\"},\"inLanguage\":\"fr-FR\",\"potentialAction\":[{\"@type\":\"ReadAction\",\"target\":[\"https:\\\/\\\/www.kiwiconstruction.fr\\\/fr\\\/nos-services\\\/permis-de-construire\"]}]},{\"@type\":\"ImageObject\",\"inLanguage\":\"fr-FR\",\"@id\":\"https:\\\/\\\/www.kiwiconstruction.fr\\\/fr\\\/nos-services\\\/permis-de-construire#primaryimage\",\"url\":\"https:\\\/\\\/www.kiwiconstruction.fr\\\/wp-content\\\/uploads\\\/2014\\\/10\\\/PLanning-1024x689.jpg\",\"contentUrl\":\"https:\\\/\\\/www.kiwiconstruction.fr\\\/wp-content\\\/uploads\\\/2014\\\/10\\\/PLanning-1024x689.jpg\",\"width\":1024,\"height\":689},{\"@type\":\"BreadcrumbList\",\"@id\":\"https:\\\/\\\/www.kiwiconstruction.fr\\\/fr\\\/nos-services\\\/permis-de-construire#breadcrumb\",\"itemListElement\":[{\"@type\":\"ListItem\",\"position\":1,\"name\":\"Home\",\"item\":\"https:\\\/\\\/www.kiwiconstruction.fr\\\/fr\"},{\"@type\":\"ListItem\",\"position\":2,\"name\":\"Nos Services\",\"item\":\"https:\\\/\\\/www.kiwiconstruction.fr\\\/fr\\\/nos-services\"},{\"@type\":\"ListItem\",\"position\":3,\"name\":\"Permis de construire\"}]},{\"@type\":\"WebSite\",\"@id\":\"https:\\\/\\\/www.kiwiconstruction.fr\\\/#website\",\"url\":\"https:\\\/\\\/www.kiwiconstruction.fr\\\/\",\"name\":\"Kiwi Construction\",\"description\":\"Making the impossible, possible!\",\"potentialAction\":[{\"@type\":\"SearchAction\",\"target\":{\"@type\":\"EntryPoint\",\"urlTemplate\":\"https:\\\/\\\/www.kiwiconstruction.fr\\\/?s={search_term_string}\"},\"query-input\":{\"@type\":\"PropertyValueSpecification\",\"valueRequired\":true,\"valueName\":\"search_term_string\"}}],\"inLanguage\":\"fr-FR\"}]}<\/script>\n<!-- \/ Yoast SEO plugin. -->","yoast_head_json":{"title":"Permis de construire - Kiwi Construction","robots":{"index":"index","follow":"follow","max-snippet":"max-snippet:-1","max-image-preview":"max-image-preview:large","max-video-preview":"max-video-preview:-1"},"canonical":"https:\/\/www.kiwiconstruction.fr\/fr\/nos-services\/permis-de-construire","og_locale":"fr_FR","og_type":"article","og_title":"Permis de construire - Kiwi Construction","og_description":"Avant de commencer les travaux, vous aurez besoin d\u2019un permis de construire pour lequel il faudra adresser une demande aupr\u00e8s de votre mairie. Kiwi Construction a pr\u00e9sent\u00e9 de nombreux dossiers pour le compte de ses clients au fil des ans. Nous comprenons le syst\u00e8me et les pr\u00e9requis.","og_url":"https:\/\/www.kiwiconstruction.fr\/fr\/nos-services\/permis-de-construire","og_site_name":"Kiwi Construction","article_modified_time":"2016-06-17T07:58:52+00:00","og_image":[{"width":1024,"height":689,"url":"https:\/\/www.kiwiconstruction.fr\/wp-content\/uploads\/2014\/10\/PLanning-1024x689.jpg","type":"image\/jpeg"}],"twitter_card":"summary_large_image","twitter_misc":{"Dur\u00e9e de lecture estim\u00e9e":"1 minute"},"schema":{"@context":"https:\/\/schema.org","@graph":[{"@type":"WebPage","@id":"https:\/\/www.kiwiconstruction.fr\/fr\/nos-services\/permis-de-construire","url":"https:\/\/www.kiwiconstruction.fr\/fr\/nos-services\/permis-de-construire","name":"Permis de construire - Kiwi Construction","isPartOf":{"@id":"https:\/\/www.kiwiconstruction.fr\/#website"},"primaryImageOfPage":{"@id":"https:\/\/www.kiwiconstruction.fr\/fr\/nos-services\/permis-de-construire#primaryimage"},"image":{"@id":"https:\/\/www.kiwiconstruction.fr\/fr\/nos-services\/permis-de-construire#primaryimage"},"thumbnailUrl":"https:\/\/www.kiwiconstruction.fr\/wp-content\/uploads\/2014\/10\/PLanning-1024x689.jpg","datePublished":"2014-10-23T09:24:42+00:00","dateModified":"2016-06-17T07:58:52+00:00","breadcrumb":{"@id":"https:\/\/www.kiwiconstruction.fr\/fr\/nos-services\/permis-de-construire#breadcrumb"},"inLanguage":"fr-FR","potentialAction":[{"@type":"ReadAction","target":["https:\/\/www.kiwiconstruction.fr\/fr\/nos-services\/permis-de-construire"]}]},{"@type":"ImageObject","inLanguage":"fr-FR","@id":"https:\/\/www.kiwiconstruction.fr\/fr\/nos-services\/permis-de-construire#primaryimage","url":"https:\/\/www.kiwiconstruction.fr\/wp-content\/uploads\/2014\/10\/PLanning-1024x689.jpg","contentUrl":"https:\/\/www.kiwiconstruction.fr\/wp-content\/uploads\/2014\/10\/PLanning-1024x689.jpg","width":1024,"height":689},{"@type":"BreadcrumbList","@id":"https:\/\/www.kiwiconstruction.fr\/fr\/nos-services\/permis-de-construire#breadcrumb","itemListElement":[{"@type":"ListItem","position":1,"name":"Home","item":"https:\/\/www.kiwiconstruction.fr\/fr"},{"@type":"ListItem","position":2,"name":"Nos Services","item":"https:\/\/www.kiwiconstruction.fr\/fr\/nos-services"},{"@type":"ListItem","position":3,"name":"Permis de construire"}]},{"@type":"WebSite","@id":"https:\/\/www.kiwiconstruction.fr\/#website","url":"https:\/\/www.kiwiconstruction.fr\/","name":"Kiwi Construction","description":"Making the impossible, possible!","potentialAction":[{"@type":"SearchAction","target":{"@type":"EntryPoint","urlTemplate":"https:\/\/www.kiwiconstruction.fr\/?s={search_term_string}"},"query-input":{"@type":"PropertyValueSpecification","valueRequired":true,"valueName":"search_term_string"}}],"inLanguage":"fr-FR"}]}},"_links":{"self":[{"href":"https:\/\/www.kiwiconstruction.fr\/fr\/wp-json\/wp\/v2\/pages\/2712","targetHints":{"allow":["GET"]}}],"collection":[{"href":"https:\/\/www.kiwiconstruction.fr\/fr\/wp-json\/wp\/v2\/pages"}],"about":[{"href":"https:\/\/www.kiwiconstruction.fr\/fr\/wp-json\/wp\/v2\/types\/page"}],"author":[{"embeddable":true,"href":"https:\/\/www.kiwiconstruction.fr\/fr\/wp-json\/wp\/v2\/users\/1"}],"replies":[{"embeddable":true,"href":"https:\/\/www.kiwiconstruction.fr\/fr\/wp-json\/wp\/v2\/comments?post=2712"}],"version-history":[{"count":6,"href":"https:\/\/www.kiwiconstruction.fr\/fr\/wp-json\/wp\/v2\/pages\/2712\/revisions"}],"predecessor-version":[{"id":3081,"href":"https:\/\/www.kiwiconstruction.fr\/fr\/wp-json\/wp\/v2\/pages\/2712\/revisions\/3081"}],"up":[{"embeddable":true,"href":"https:\/\/www.kiwiconstruction.fr\/fr\/wp-json\/wp\/v2\/pages\/2908"}],"wp:featuredmedia":[{"embeddable":true,"href":"https:\/\/www.kiwiconstruction.fr\/fr\/wp-json\/wp\/v2\/media\/2295"}],"wp:attachment":[{"href":"https:\/\/www.kiwiconstruction.fr\/fr\/wp-json\/wp\/v2\/media?parent=2712"}],"curies":[{"name":"wp","href":"https:\/\/api.w.org\/{rel}","templated":true}]}}