{"id":2708,"date":"2014-10-24T11:30:58","date_gmt":"2014-10-24T11:30:58","guid":{"rendered":"https:\/\/www.kiwiconstruction.fr\/fr\/about-us"},"modified":"2016-06-15T12:48:37","modified_gmt":"2016-06-15T12:48:37","slug":"qui-sommes-nous","status":"publish","type":"page","link":"https:\/\/www.kiwiconstruction.fr\/fr\/qui-sommes-nous","title":{"rendered":"Qui sommes-nous"},"content":{"rendered":"<div id=\"pl-2708\"  class=\"panel-layout\" ><div id=\"pg-2708-0\"  class=\"panel-grid panel-no-style\" ><div id=\"pgc-2708-0-0\"  class=\"panel-grid-cell\" ><div id=\"panel-2708-0-0-0\" class=\"so-panel widget widget_black-studio-tinymce widget_black_studio_tinymce panel-first-child panel-last-child\" data-index=\"0\" ><div class=\"textwidget\"><p>A KIWI CONSTRUCTION nous pouvons nous occuper de toutes les phases de r\u00e9novations, aussi bien les projets int\u00e9rieurs qu\u2019ext\u00e9rieurs, et plus particuli\u00e8rement les anciennes b\u00e2tisses.<br \/>Originaire de Nouvelle-Z\u00e9lande, Grant Norris est un m\u00e9treur qualifi\u00e9 (\u00ab Quantit\u00e9 Surveyor \u00bb) qui est venu jouer au rugby en tant que professionnel dans le Sud-Ouest de la France. Il a d\u00e9marr\u00e9 l'entreprise en 2005 avec sa femme Joeline qui est expert-comptable.<\/p>\n<p>L\u2019entreprise a sa propre \u00e9quipe d'architectes, ma\u00e7ons, \u00e9lectriciens, pl\u00e2triers et peintres ce qui lui permet d\u2019intervenir rapidement et d'assurer le niveau d'excellence qu\u2019elle s\u2019est fix\u00e9e, sans mentionner le respect des normes.<\/p>\n<p>Nos clients font partis de la communaut\u00e9 anglaise locale mais \u00e9galement fran\u00e7aise, ainsi que des clients internationaux qui ont des r\u00e9sidences secondaires.<\/p>\n<p>Notre mission est \u00abde rendre l'impossible, possible ! \u00bb, et tout notre travail est garanti pendant 10 ans.<\/p>\n<\/div><\/div><\/div><div id=\"pgc-2708-0-1\"  class=\"panel-grid-cell\" ><div id=\"panel-2708-0-1-0\" class=\"so-panel widget widget_black-studio-tinymce widget_black_studio_tinymce panel-first-child panel-last-child\" data-index=\"1\" ><div class=\"textwidget\"><p><img fetchpriority=\"high\" decoding=\"async\" class=\"alignnone  wp-image-2321\" src=\"https:\/\/www.kiwiconstruction.fr\/wp-content\/uploads\/2014\/10\/us2-225x300.jpg\" alt=\"Grant and Joeline\" width=\"404\" height=\"539\" srcset=\"https:\/\/www.kiwiconstruction.fr\/wp-content\/uploads\/2014\/10\/us2-225x300.jpg 225w, https:\/\/www.kiwiconstruction.fr\/wp-content\/uploads\/2014\/10\/us2-416x555.jpg 416w, https:\/\/www.kiwiconstruction.fr\/wp-content\/uploads\/2014\/10\/us2.jpg 576w\" sizes=\"(max-width: 404px) 100vw, 404px\" \/><\/p>\n<\/div><\/div><\/div><\/div><\/div>","protected":false},"excerpt":{"rendered":"<p>A KIWI CONSTRUCTION nous pouvons nous occuper de toutes les phases de r\u00e9novations, aussi bien les projets int\u00e9rieurs qu\u2019ext\u00e9rieurs, et plus particuli\u00e8rement les anciennes b\u00e2tisses.Originaire de Nouvelle-Z\u00e9lande, Grant Norris est un m\u00e9treur qualifi\u00e9 (\u00ab Quantit\u00e9 Surveyor \u00bb) qui est venu jouer au rugby en tant que professionnel dans le Sud-Ouest de la France. Il a &hellip;<\/p>\n","protected":false},"author":1,"featured_media":0,"parent":0,"menu_order":0,"comment_status":"closed","ping_status":"closed","template":"","meta":{"_acf_changed":false,"ngg_post_thumbnail":0,"footnotes":""},"class_list":["post-2708","page","type-page","status-publish","hentry"],"acf":[],"yoast_head":"<!-- This site is optimized with the Yoast SEO plugin v27.4 - https:\/\/yoast.com\/product\/yoast-seo-wordpress\/ -->\n<title>Qui sommes-nous - Kiwi Construction<\/title>\n<meta name=\"robots\" content=\"index, follow, max-snippet:-1, max-image-preview:large, max-video-preview:-1\" \/>\n<link rel=\"canonical\" href=\"https:\/\/www.kiwiconstruction.fr\/fr\/qui-sommes-nous\" \/>\n<meta property=\"og:locale\" content=\"fr_FR\" \/>\n<meta property=\"og:type\" content=\"article\" \/>\n<meta property=\"og:title\" content=\"Qui sommes-nous - Kiwi Construction\" \/>\n<meta property=\"og:description\" content=\"A KIWI CONSTRUCTION nous pouvons nous occuper de toutes les phases de r\u00e9novations, aussi bien les projets int\u00e9rieurs qu\u2019ext\u00e9rieurs, et plus particuli\u00e8rement les anciennes b\u00e2tisses.Originaire de Nouvelle-Z\u00e9lande, Grant Norris est un m\u00e9treur qualifi\u00e9 (\u00ab Quantit\u00e9 Surveyor \u00bb) qui est venu jouer au rugby en tant que professionnel dans le Sud-Ouest de la France. Il a &hellip;\" \/>\n<meta property=\"og:url\" content=\"https:\/\/www.kiwiconstruction.fr\/fr\/qui-sommes-nous\" \/>\n<meta property=\"og:site_name\" content=\"Kiwi Construction\" \/>\n<meta property=\"article:modified_time\" content=\"2016-06-15T12:48:37+00:00\" \/>\n<meta property=\"og:image\" content=\"https:\/\/www.kiwiconstruction.fr\/wp-content\/uploads\/2014\/10\/us2-225x300.jpg\" \/>\n<meta name=\"twitter:card\" content=\"summary_large_image\" \/>\n<meta name=\"twitter:label1\" content=\"Dur\u00e9e de lecture estim\u00e9e\" \/>\n\t<meta name=\"twitter:data1\" content=\"1 minute\" \/>\n<script type=\"application\/ld+json\" class=\"yoast-schema-graph\">{\"@context\":\"https:\\\/\\\/schema.org\",\"@graph\":[{\"@type\":\"WebPage\",\"@id\":\"https:\\\/\\\/www.kiwiconstruction.fr\\\/fr\\\/qui-sommes-nous\",\"url\":\"https:\\\/\\\/www.kiwiconstruction.fr\\\/fr\\\/qui-sommes-nous\",\"name\":\"Qui sommes-nous - Kiwi Construction\",\"isPartOf\":{\"@id\":\"https:\\\/\\\/www.kiwiconstruction.fr\\\/#website\"},\"primaryImageOfPage\":{\"@id\":\"https:\\\/\\\/www.kiwiconstruction.fr\\\/fr\\\/qui-sommes-nous#primaryimage\"},\"image\":{\"@id\":\"https:\\\/\\\/www.kiwiconstruction.fr\\\/fr\\\/qui-sommes-nous#primaryimage\"},\"thumbnailUrl\":\"https:\\\/\\\/www.kiwiconstruction.fr\\\/wp-content\\\/uploads\\\/2014\\\/10\\\/us2-225x300.jpg\",\"datePublished\":\"2014-10-24T11:30:58+00:00\",\"dateModified\":\"2016-06-15T12:48:37+00:00\",\"breadcrumb\":{\"@id\":\"https:\\\/\\\/www.kiwiconstruction.fr\\\/fr\\\/qui-sommes-nous#breadcrumb\"},\"inLanguage\":\"fr-FR\",\"potentialAction\":[{\"@type\":\"ReadAction\",\"target\":[\"https:\\\/\\\/www.kiwiconstruction.fr\\\/fr\\\/qui-sommes-nous\"]}]},{\"@type\":\"ImageObject\",\"inLanguage\":\"fr-FR\",\"@id\":\"https:\\\/\\\/www.kiwiconstruction.fr\\\/fr\\\/qui-sommes-nous#primaryimage\",\"url\":\"https:\\\/\\\/www.kiwiconstruction.fr\\\/wp-content\\\/uploads\\\/2014\\\/10\\\/us2-225x300.jpg\",\"contentUrl\":\"https:\\\/\\\/www.kiwiconstruction.fr\\\/wp-content\\\/uploads\\\/2014\\\/10\\\/us2-225x300.jpg\"},{\"@type\":\"BreadcrumbList\",\"@id\":\"https:\\\/\\\/www.kiwiconstruction.fr\\\/fr\\\/qui-sommes-nous#breadcrumb\",\"itemListElement\":[{\"@type\":\"ListItem\",\"position\":1,\"name\":\"Home\",\"item\":\"https:\\\/\\\/www.kiwiconstruction.fr\\\/fr\"},{\"@type\":\"ListItem\",\"position\":2,\"name\":\"Qui sommes-nous\"}]},{\"@type\":\"WebSite\",\"@id\":\"https:\\\/\\\/www.kiwiconstruction.fr\\\/#website\",\"url\":\"https:\\\/\\\/www.kiwiconstruction.fr\\\/\",\"name\":\"Kiwi Construction\",\"description\":\"Making the impossible, possible!\",\"potentialAction\":[{\"@type\":\"SearchAction\",\"target\":{\"@type\":\"EntryPoint\",\"urlTemplate\":\"https:\\\/\\\/www.kiwiconstruction.fr\\\/?s={search_term_string}\"},\"query-input\":{\"@type\":\"PropertyValueSpecification\",\"valueRequired\":true,\"valueName\":\"search_term_string\"}}],\"inLanguage\":\"fr-FR\"}]}<\/script>\n<!-- \/ Yoast SEO plugin. -->","yoast_head_json":{"title":"Qui sommes-nous - Kiwi Construction","robots":{"index":"index","follow":"follow","max-snippet":"max-snippet:-1","max-image-preview":"max-image-preview:large","max-video-preview":"max-video-preview:-1"},"canonical":"https:\/\/www.kiwiconstruction.fr\/fr\/qui-sommes-nous","og_locale":"fr_FR","og_type":"article","og_title":"Qui sommes-nous - Kiwi Construction","og_description":"A KIWI CONSTRUCTION nous pouvons nous occuper de toutes les phases de r\u00e9novations, aussi bien les projets int\u00e9rieurs qu\u2019ext\u00e9rieurs, et plus particuli\u00e8rement les anciennes b\u00e2tisses.Originaire de Nouvelle-Z\u00e9lande, Grant Norris est un m\u00e9treur qualifi\u00e9 (\u00ab Quantit\u00e9 Surveyor \u00bb) qui est venu jouer au rugby en tant que professionnel dans le Sud-Ouest de la France. Il a &hellip;","og_url":"https:\/\/www.kiwiconstruction.fr\/fr\/qui-sommes-nous","og_site_name":"Kiwi Construction","article_modified_time":"2016-06-15T12:48:37+00:00","og_image":[{"url":"https:\/\/www.kiwiconstruction.fr\/wp-content\/uploads\/2014\/10\/us2-225x300.jpg","type":"","width":"","height":""}],"twitter_card":"summary_large_image","twitter_misc":{"Dur\u00e9e de lecture estim\u00e9e":"1 minute"},"schema":{"@context":"https:\/\/schema.org","@graph":[{"@type":"WebPage","@id":"https:\/\/www.kiwiconstruction.fr\/fr\/qui-sommes-nous","url":"https:\/\/www.kiwiconstruction.fr\/fr\/qui-sommes-nous","name":"Qui sommes-nous - Kiwi Construction","isPartOf":{"@id":"https:\/\/www.kiwiconstruction.fr\/#website"},"primaryImageOfPage":{"@id":"https:\/\/www.kiwiconstruction.fr\/fr\/qui-sommes-nous#primaryimage"},"image":{"@id":"https:\/\/www.kiwiconstruction.fr\/fr\/qui-sommes-nous#primaryimage"},"thumbnailUrl":"https:\/\/www.kiwiconstruction.fr\/wp-content\/uploads\/2014\/10\/us2-225x300.jpg","datePublished":"2014-10-24T11:30:58+00:00","dateModified":"2016-06-15T12:48:37+00:00","breadcrumb":{"@id":"https:\/\/www.kiwiconstruction.fr\/fr\/qui-sommes-nous#breadcrumb"},"inLanguage":"fr-FR","potentialAction":[{"@type":"ReadAction","target":["https:\/\/www.kiwiconstruction.fr\/fr\/qui-sommes-nous"]}]},{"@type":"ImageObject","inLanguage":"fr-FR","@id":"https:\/\/www.kiwiconstruction.fr\/fr\/qui-sommes-nous#primaryimage","url":"https:\/\/www.kiwiconstruction.fr\/wp-content\/uploads\/2014\/10\/us2-225x300.jpg","contentUrl":"https:\/\/www.kiwiconstruction.fr\/wp-content\/uploads\/2014\/10\/us2-225x300.jpg"},{"@type":"BreadcrumbList","@id":"https:\/\/www.kiwiconstruction.fr\/fr\/qui-sommes-nous#breadcrumb","itemListElement":[{"@type":"ListItem","position":1,"name":"Home","item":"https:\/\/www.kiwiconstruction.fr\/fr"},{"@type":"ListItem","position":2,"name":"Qui sommes-nous"}]},{"@type":"WebSite","@id":"https:\/\/www.kiwiconstruction.fr\/#website","url":"https:\/\/www.kiwiconstruction.fr\/","name":"Kiwi Construction","description":"Making the impossible, possible!","potentialAction":[{"@type":"SearchAction","target":{"@type":"EntryPoint","urlTemplate":"https:\/\/www.kiwiconstruction.fr\/?s={search_term_string}"},"query-input":{"@type":"PropertyValueSpecification","valueRequired":true,"valueName":"search_term_string"}}],"inLanguage":"fr-FR"}]}},"_links":{"self":[{"href":"https:\/\/www.kiwiconstruction.fr\/fr\/wp-json\/wp\/v2\/pages\/2708","targetHints":{"allow":["GET"]}}],"collection":[{"href":"https:\/\/www.kiwiconstruction.fr\/fr\/wp-json\/wp\/v2\/pages"}],"about":[{"href":"https:\/\/www.kiwiconstruction.fr\/fr\/wp-json\/wp\/v2\/types\/page"}],"author":[{"embeddable":true,"href":"https:\/\/www.kiwiconstruction.fr\/fr\/wp-json\/wp\/v2\/users\/1"}],"replies":[{"embeddable":true,"href":"https:\/\/www.kiwiconstruction.fr\/fr\/wp-json\/wp\/v2\/comments?post=2708"}],"version-history":[{"count":5,"href":"https:\/\/www.kiwiconstruction.fr\/fr\/wp-json\/wp\/v2\/pages\/2708\/revisions"}],"predecessor-version":[{"id":3051,"href":"https:\/\/www.kiwiconstruction.fr\/fr\/wp-json\/wp\/v2\/pages\/2708\/revisions\/3051"}],"wp:attachment":[{"href":"https:\/\/www.kiwiconstruction.fr\/fr\/wp-json\/wp\/v2\/media?parent=2708"}],"curies":[{"name":"wp","href":"https:\/\/api.w.org\/{rel}","templated":true}]}}